{"id":1561,"date":"2025-09-03T09:43:27","date_gmt":"2025-09-03T07:43:27","guid":{"rendered":"https:\/\/lapatteduloup.fr\/?page_id=1561"},"modified":"2025-11-21T22:10:17","modified_gmt":"2025-11-21T21:10:17","slug":"sante","status":"publish","type":"page","link":"https:\/\/lapatteduloup.fr\/index.php\/sante\/","title":{"rendered":"Sant\u00e9"},"content":{"rendered":"\n<div class=\"wp-block-group is-layout-grid wp-container-core-group-is-layout-2931688a wp-block-group-is-layout-grid\">\n<div class=\"wp-block-media-text is-stacked-on-mobile\" style=\"grid-template-columns:33% auto\"><figure class=\"wp-block-media-text__media\"><a href=\"https:\/\/lapatteduloup.fr\/index.php\/2025\/09\/17\/dysplasie-coxo-femorale-hanches\/\"><img loading=\"lazy\" decoding=\"async\" width=\"1024\" height=\"1024\" src=\"https:\/\/lapatteduloup.fr\/wp-content\/uploads\/2025\/10\/sommaire-HD.png\" alt=\"\" class=\"wp-image-2021 size-full\" srcset=\"https:\/\/lapatteduloup.fr\/wp-content\/uploads\/2025\/10\/sommaire-HD.png 1024w, https:\/\/lapatteduloup.fr\/wp-content\/uploads\/2025\/10\/sommaire-HD-300x300.png 300w, https:\/\/lapatteduloup.fr\/wp-content\/uploads\/2025\/10\/sommaire-HD-150x150.png 150w, https:\/\/lapatteduloup.fr\/wp-content\/uploads\/2025\/10\/sommaire-HD-768x768.png 768w\" sizes=\"auto, (max-width: 1024px) 100vw, 1024px\" \/><\/a><\/figure><div class=\"wp-block-media-text__content\">\n<h2 class=\"wp-block-heading has-large-font-size\"><a href=\"https:\/\/lapatteduloup.fr\/index.php\/2025\/09\/17\/dysplasie-coxo-femorale-hanches\/\" title=\"Dysplasie coxo-f\u00e9morale (hanches)\"><span style=\"text-decoration: underline;\">Dysplasie de la hanche<\/span><\/a><\/h2>\n<\/div><\/div>\n\n\n\n<div class=\"wp-block-media-text is-stacked-on-mobile\" style=\"grid-template-columns:33% auto\"><figure class=\"wp-block-media-text__media\"><a href=\"https:\/\/lapatteduloup.fr\/index.php\/2025\/09\/26\/dysplasie-du-coude\/\"><img loading=\"lazy\" decoding=\"async\" width=\"739\" height=\"739\" src=\"https:\/\/lapatteduloup.fr\/wp-content\/uploads\/2025\/10\/sommaire-ED-1.jpg\" alt=\"\" class=\"wp-image-2063 size-full\" srcset=\"https:\/\/lapatteduloup.fr\/wp-content\/uploads\/2025\/10\/sommaire-ED-1.jpg 739w, https:\/\/lapatteduloup.fr\/wp-content\/uploads\/2025\/10\/sommaire-ED-1-300x300.jpg 300w, https:\/\/lapatteduloup.fr\/wp-content\/uploads\/2025\/10\/sommaire-ED-1-150x150.jpg 150w\" sizes=\"auto, (max-width: 739px) 100vw, 739px\" \/><\/a><\/figure><div class=\"wp-block-media-text__content\">\n<h2 class=\"wp-block-heading has-large-font-size\"><a href=\"https:\/\/lapatteduloup.fr\/index.php\/2025\/09\/26\/dysplasie-du-coude\/\" title=\"Dysplasie du coude\">Dysplasie du coude<\/a><\/h2>\n<\/div><\/div>\n\n\n\n<div class=\"wp-block-media-text is-stacked-on-mobile wp-container-content-9df8e368\" style=\"grid-template-columns:33% auto\"><figure class=\"wp-block-media-text__media\"><a href=\"https:\/\/lapatteduloup.fr\/index.php\/2025\/10\/10\/vertebres-de-transition-lombosacrees\/\"><img loading=\"lazy\" decoding=\"async\" width=\"707\" height=\"707\" src=\"https:\/\/lapatteduloup.fr\/wp-content\/uploads\/2025\/10\/sommaire-VTL.jpg\" alt=\"\" class=\"wp-image-2007 size-full\" srcset=\"https:\/\/lapatteduloup.fr\/wp-content\/uploads\/2025\/10\/sommaire-VTL.jpg 707w, https:\/\/lapatteduloup.fr\/wp-content\/uploads\/2025\/10\/sommaire-VTL-300x300.jpg 300w, https:\/\/lapatteduloup.fr\/wp-content\/uploads\/2025\/10\/sommaire-VTL-150x150.jpg 150w\" sizes=\"auto, (max-width: 707px) 100vw, 707px\" \/><\/a><\/figure><div class=\"wp-block-media-text__content\">\n<h2 class=\"wp-block-heading has-large-font-size\"><a href=\"https:\/\/lapatteduloup.fr\/index.php\/2025\/10\/10\/vertebres-de-transition-lombosacrees\/\" title=\"Vert\u00e8bres de Transition Lombosacr\u00e9es\">Vert\u00e8bres de Transition Lombosacr\u00e9es<\/a><\/h2>\n<\/div><\/div>\n\n\n\n<div class=\"wp-block-media-text is-stacked-on-mobile\" style=\"grid-template-columns:33% auto\"><figure class=\"wp-block-media-text__media\"><a href=\"https:\/\/lapatteduloup.fr\/index.php\/2025\/10\/13\/myelopathie-degenerative\/\"><img loading=\"lazy\" decoding=\"async\" width=\"782\" height=\"782\" src=\"https:\/\/lapatteduloup.fr\/wp-content\/uploads\/2025\/10\/sommaire-MD.jpg\" alt=\"\" class=\"wp-image-2009 size-full\" srcset=\"https:\/\/lapatteduloup.fr\/wp-content\/uploads\/2025\/10\/sommaire-MD.jpg 782w, https:\/\/lapatteduloup.fr\/wp-content\/uploads\/2025\/10\/sommaire-MD-300x300.jpg 300w, https:\/\/lapatteduloup.fr\/wp-content\/uploads\/2025\/10\/sommaire-MD-150x150.jpg 150w, https:\/\/lapatteduloup.fr\/wp-content\/uploads\/2025\/10\/sommaire-MD-768x768.jpg 768w\" sizes=\"auto, (max-width: 782px) 100vw, 782px\" \/><\/a><\/figure><div class=\"wp-block-media-text__content\">\n<h2 class=\"wp-block-heading has-large-font-size\"><a href=\"https:\/\/lapatteduloup.fr\/index.php\/2025\/10\/13\/myelopathie-degenerative\/\" title=\"Vert\u00e8bres de Transition Lombosacr\u00e9es\">My\u00e9lopathie d\u00e9g\u00e9n\u00e9rative<\/a><\/h2>\n<\/div><\/div>\n\n\n\n<div class=\"wp-block-media-text is-stacked-on-mobile wp-container-content-9df8e368\" style=\"grid-template-columns:33% auto\"><figure class=\"wp-block-media-text__media\"><a href=\"https:\/\/lapatteduloup.fr\/index.php\/2025\/10\/15\/sensibilite-medicamenteuse-mdr1\/\"><img loading=\"lazy\" decoding=\"async\" width=\"784\" height=\"784\" src=\"https:\/\/lapatteduloup.fr\/wp-content\/uploads\/2025\/10\/sommaire-MDR1.jpg\" alt=\"\" class=\"wp-image-2013 size-full\" srcset=\"https:\/\/lapatteduloup.fr\/wp-content\/uploads\/2025\/10\/sommaire-MDR1.jpg 784w, https:\/\/lapatteduloup.fr\/wp-content\/uploads\/2025\/10\/sommaire-MDR1-300x300.jpg 300w, https:\/\/lapatteduloup.fr\/wp-content\/uploads\/2025\/10\/sommaire-MDR1-150x150.jpg 150w, https:\/\/lapatteduloup.fr\/wp-content\/uploads\/2025\/10\/sommaire-MDR1-768x768.jpg 768w\" sizes=\"auto, (max-width: 784px) 100vw, 784px\" \/><\/a><\/figure><div class=\"wp-block-media-text__content\">\n<h2 class=\"wp-block-heading has-large-font-size\"><a href=\"https:\/\/lapatteduloup.fr\/index.php\/2025\/10\/15\/sensibilite-medicamenteuse-mdr1\/\" title=\"Littermate Syndrome\">Sensibilit\u00e9 m\u00e9dicamenteuse MDR1<\/a><\/h2>\n<\/div><\/div>\n\n\n\n<div class=\"wp-block-media-text is-stacked-on-mobile wp-container-content-9df8e368\" style=\"grid-template-columns:33% auto\"><figure class=\"wp-block-media-text__media\"><a href=\"https:\/\/lapatteduloup.fr\/index.php\/2025\/10\/15\/nanisme-hypophysaire\/\"><img loading=\"lazy\" decoding=\"async\" width=\"1024\" height=\"1024\" src=\"https:\/\/lapatteduloup.fr\/wp-content\/uploads\/2025\/10\/sommaire-NAH.png\" alt=\"\" class=\"wp-image-2019 size-full\" srcset=\"https:\/\/lapatteduloup.fr\/wp-content\/uploads\/2025\/10\/sommaire-NAH.png 1024w, https:\/\/lapatteduloup.fr\/wp-content\/uploads\/2025\/10\/sommaire-NAH-300x300.png 300w, https:\/\/lapatteduloup.fr\/wp-content\/uploads\/2025\/10\/sommaire-NAH-150x150.png 150w, https:\/\/lapatteduloup.fr\/wp-content\/uploads\/2025\/10\/sommaire-NAH-768x768.png 768w\" sizes=\"auto, (max-width: 1024px) 100vw, 1024px\" \/><\/a><\/figure><div class=\"wp-block-media-text__content\">\n<h2 class=\"wp-block-heading has-large-font-size\"><a href=\"https:\/\/lapatteduloup.fr\/index.php\/2025\/10\/15\/nanisme-hypophysaire\/\" title=\"Littermate Syndrome\">Nanisme Hypophysaire<\/a><\/h2>\n<\/div><\/div>\n\n\n\n<div class=\"wp-block-media-text is-stacked-on-mobile wp-container-content-9df8e368\" style=\"grid-template-columns:33% auto\"><figure class=\"wp-block-media-text__media\"><a href=\"https:\/\/lapatteduloup.fr\/index.php\/2025\/10\/17\/hemangiosarcome\/\"><img loading=\"lazy\" decoding=\"async\" width=\"960\" height=\"960\" src=\"https:\/\/lapatteduloup.fr\/wp-content\/uploads\/2025\/10\/sommaire-HAS.jpg\" alt=\"\" class=\"wp-image-2066 size-full\" srcset=\"https:\/\/lapatteduloup.fr\/wp-content\/uploads\/2025\/10\/sommaire-HAS.jpg 960w, https:\/\/lapatteduloup.fr\/wp-content\/uploads\/2025\/10\/sommaire-HAS-300x300.jpg 300w, https:\/\/lapatteduloup.fr\/wp-content\/uploads\/2025\/10\/sommaire-HAS-150x150.jpg 150w, https:\/\/lapatteduloup.fr\/wp-content\/uploads\/2025\/10\/sommaire-HAS-768x768.jpg 768w\" sizes=\"auto, (max-width: 960px) 100vw, 960px\" \/><\/a><\/figure><div class=\"wp-block-media-text__content\">\n<h2 class=\"wp-block-heading has-large-font-size\"><a href=\"https:\/\/lapatteduloup.fr\/index.php\/2025\/10\/17\/hemangiosarcome\/\" title=\"H\u00e9mangiosarcome\">H\u00e9mangiosarcome<\/a><\/h2>\n<\/div><\/div>\n\n\n\n<div class=\"wp-block-media-text is-stacked-on-mobile wp-container-content-9df8e368\" style=\"grid-template-columns:33% auto\"><figure class=\"wp-block-media-text__media\"><a href=\"https:\/\/lapatteduloup.fr\/index.php\/2025\/11\/21\/syndrome-de-scott\/\"><img loading=\"lazy\" decoding=\"async\" width=\"960\" height=\"960\" src=\"https:\/\/lapatteduloup.fr\/wp-content\/uploads\/2025\/11\/syndrome-de-scott.jpg\" alt=\"\" class=\"wp-image-2180 size-full\" srcset=\"https:\/\/lapatteduloup.fr\/wp-content\/uploads\/2025\/11\/syndrome-de-scott.jpg 960w, https:\/\/lapatteduloup.fr\/wp-content\/uploads\/2025\/11\/syndrome-de-scott-300x300.jpg 300w, https:\/\/lapatteduloup.fr\/wp-content\/uploads\/2025\/11\/syndrome-de-scott-150x150.jpg 150w, https:\/\/lapatteduloup.fr\/wp-content\/uploads\/2025\/11\/syndrome-de-scott-768x768.jpg 768w\" sizes=\"auto, (max-width: 960px) 100vw, 960px\" \/><\/a><\/figure><div class=\"wp-block-media-text__content\">\n<h2 class=\"wp-block-heading has-large-font-size\"><a href=\"https:\/\/lapatteduloup.fr\/index.php\/2025\/11\/21\/syndrome-de-scott\/\" title=\"Syndrome de Scott\">Syndrome de Scott<\/a><\/h2>\n<\/div><\/div>\n\n\n\n<div class=\"wp-block-media-text is-stacked-on-mobile wp-container-content-9df8e368\" style=\"grid-template-columns:33% auto\"><figure class=\"wp-block-media-text__media\"><a href=\"https:\/\/lapatteduloup.fr\/index.php\/2025\/11\/16\/hyperuricosurie\/\"><img loading=\"lazy\" decoding=\"async\" width=\"960\" height=\"960\" src=\"https:\/\/lapatteduloup.fr\/wp-content\/uploads\/2025\/11\/hyperuricosurie.jpg\" alt=\"\" class=\"wp-image-2140 size-full\" srcset=\"https:\/\/lapatteduloup.fr\/wp-content\/uploads\/2025\/11\/hyperuricosurie.jpg 960w, https:\/\/lapatteduloup.fr\/wp-content\/uploads\/2025\/11\/hyperuricosurie-300x300.jpg 300w, https:\/\/lapatteduloup.fr\/wp-content\/uploads\/2025\/11\/hyperuricosurie-150x150.jpg 150w, https:\/\/lapatteduloup.fr\/wp-content\/uploads\/2025\/11\/hyperuricosurie-768x768.jpg 768w\" sizes=\"auto, (max-width: 960px) 100vw, 960px\" \/><\/a><\/figure><div class=\"wp-block-media-text__content\">\n<h2 class=\"wp-block-heading has-large-font-size\"><a href=\"https:\/\/lapatteduloup.fr\/index.php\/2025\/11\/16\/hyperuricosurie\/\" title=\"Hyperuricosurie\">Hyperuricosurie<\/a><\/h2>\n<\/div><\/div>\n\n\n\n<div class=\"wp-block-media-text is-stacked-on-mobile wp-container-content-9df8e368\" style=\"grid-template-columns:33% auto\"><figure class=\"wp-block-media-text__media\"><a href=\"https:\/\/lapatteduloup.fr\/index.php\/2025\/09\/03\/littermate-syndrome\/\"><img loading=\"lazy\" decoding=\"async\" width=\"1015\" height=\"1015\" src=\"https:\/\/lapatteduloup.fr\/wp-content\/uploads\/2025\/10\/sommaire-Littermate.png\" alt=\"\" class=\"wp-image-2016 size-full\" srcset=\"https:\/\/lapatteduloup.fr\/wp-content\/uploads\/2025\/10\/sommaire-Littermate.png 1015w, https:\/\/lapatteduloup.fr\/wp-content\/uploads\/2025\/10\/sommaire-Littermate-300x300.png 300w, https:\/\/lapatteduloup.fr\/wp-content\/uploads\/2025\/10\/sommaire-Littermate-150x150.png 150w, https:\/\/lapatteduloup.fr\/wp-content\/uploads\/2025\/10\/sommaire-Littermate-768x768.png 768w\" sizes=\"auto, (max-width: 1015px) 100vw, 1015px\" \/><\/a><\/figure><div class=\"wp-block-media-text__content\">\n<h2 class=\"wp-block-heading has-large-font-size\"><a href=\"https:\/\/lapatteduloup.fr\/index.php\/2025\/09\/03\/littermate-syndrome\/\" title=\"Littermate Syndrome\">Syndrome de la port\u00e9e<\/a><\/h2>\n<\/div><\/div>\n\n\n\n<div class=\"wp-block-media-text is-stacked-on-mobile\" style=\"grid-template-columns:33% auto\"><figure class=\"wp-block-media-text__media\"><a href=\"https:\/\/lapatteduloup.fr\/index.php\/2025\/11\/09\/alopecie-des-robes-diluees\/\"><img loading=\"lazy\" decoding=\"async\" width=\"960\" height=\"960\" src=\"https:\/\/lapatteduloup.fr\/wp-content\/uploads\/2025\/11\/alopecie-robe-diluee.jpg\" alt=\"\" class=\"wp-image-2104 size-full\" srcset=\"https:\/\/lapatteduloup.fr\/wp-content\/uploads\/2025\/11\/alopecie-robe-diluee.jpg 960w, https:\/\/lapatteduloup.fr\/wp-content\/uploads\/2025\/11\/alopecie-robe-diluee-300x300.jpg 300w, https:\/\/lapatteduloup.fr\/wp-content\/uploads\/2025\/11\/alopecie-robe-diluee-150x150.jpg 150w, https:\/\/lapatteduloup.fr\/wp-content\/uploads\/2025\/11\/alopecie-robe-diluee-768x768.jpg 768w\" sizes=\"auto, (max-width: 960px) 100vw, 960px\" \/><\/a><\/figure><div class=\"wp-block-media-text__content\">\n<h2 class=\"wp-block-heading has-large-font-size\"><a href=\"https:\/\/lapatteduloup.fr\/index.php\/2025\/11\/09\/alopecie-des-robes-diluees\/\" title=\"Alop\u00e9cie des Robes Dilu\u00e9es\">Alop\u00e9cie des robes dilu\u00e9es<\/a><\/h2>\n<\/div><\/div>\n<\/div>\n","protected":false},"excerpt":{"rendered":"<p>Dysplasie de la hanche Dysplasie du coude Vert\u00e8bres de Transition Lombosacr\u00e9es My\u00e9lopathie d\u00e9g\u00e9n\u00e9rative Sensibilit\u00e9 m\u00e9dicamenteuse MDR1 Nanisme Hypophysaire H\u00e9mangiosarcome Syndrome de Scott Hyperuricosurie Syndrome de la port\u00e9e Alop\u00e9cie des robes dilu\u00e9es<\/p>\n","protected":false},"author":1,"featured_media":0,"parent":0,"menu_order":0,"comment_status":"closed","ping_status":"closed","template":"","meta":{"ngg_post_thumbnail":0,"footnotes":""},"class_list":["post-1561","page","type-page","status-publish","hentry"],"aioseo_notices":[],"_links":{"self":[{"href":"https:\/\/lapatteduloup.fr\/index.php\/wp-json\/wp\/v2\/pages\/1561","targetHints":{"allow":["GET"]}}],"collection":[{"href":"https:\/\/lapatteduloup.fr\/index.php\/wp-json\/wp\/v2\/pages"}],"about":[{"href":"https:\/\/lapatteduloup.fr\/index.php\/wp-json\/wp\/v2\/types\/page"}],"author":[{"embeddable":true,"href":"https:\/\/lapatteduloup.fr\/index.php\/wp-json\/wp\/v2\/users\/1"}],"replies":[{"embeddable":true,"href":"https:\/\/lapatteduloup.fr\/index.php\/wp-json\/wp\/v2\/comments?post=1561"}],"version-history":[{"count":31,"href":"https:\/\/lapatteduloup.fr\/index.php\/wp-json\/wp\/v2\/pages\/1561\/revisions"}],"predecessor-version":[{"id":2193,"href":"https:\/\/lapatteduloup.fr\/index.php\/wp-json\/wp\/v2\/pages\/1561\/revisions\/2193"}],"wp:attachment":[{"href":"https:\/\/lapatteduloup.fr\/index.php\/wp-json\/wp\/v2\/media?parent=1561"}],"curies":[{"name":"wp","href":"https:\/\/api.w.org\/{rel}","templated":true}]}}