{"id":150,"date":"2024-04-19T22:03:39","date_gmt":"2024-04-19T20:03:39","guid":{"rendered":"https:\/\/lapatteduloup.fr\/?page_id=150"},"modified":"2025-09-01T14:19:55","modified_gmt":"2025-09-01T12:19:55","slug":"qui-sommes-nous","status":"publish","type":"page","link":"https:\/\/lapatteduloup.fr\/index.php\/qui-sommes-nous\/","title":{"rendered":"Qui sommes nous ?"},"content":{"rendered":"\n<h2 class=\"wp-block-heading\">Origine<\/h2>\n\n\n\n<p>[<em>Ma\u00eblys au clavier<\/em>]<\/p>\n\n\n\n<figure class=\"wp-block-image aligncenter size-large is-resized\"><img loading=\"lazy\" decoding=\"async\" width=\"1707\" height=\"2560\" src=\"https:\/\/lapatteduloup.fr\/wp-content\/uploads\/2025\/03\/IMG_2706-edited-scaled.jpg\" alt=\"Ma\u00ealys et Souka\" class=\"wp-image-1310\" style=\"width:327px;height:auto\" srcset=\"https:\/\/lapatteduloup.fr\/wp-content\/uploads\/2025\/03\/IMG_2706-edited-scaled.jpg 1707w, https:\/\/lapatteduloup.fr\/wp-content\/uploads\/2025\/03\/IMG_2706-edited-200x300.jpg 200w, https:\/\/lapatteduloup.fr\/wp-content\/uploads\/2025\/03\/IMG_2706-edited-683x1024.jpg 683w, https:\/\/lapatteduloup.fr\/wp-content\/uploads\/2025\/03\/IMG_2706-edited-768x1152.jpg 768w, https:\/\/lapatteduloup.fr\/wp-content\/uploads\/2025\/03\/IMG_2706-edited-1024x1536.jpg 1024w, https:\/\/lapatteduloup.fr\/wp-content\/uploads\/2025\/03\/IMG_2706-edited-1365x2048.jpg 1365w\" sizes=\"auto, (max-width: 1707px) 100vw, 1707px\" \/><\/figure>\n\n\n\n<p>J&rsquo;ai toujours \u00e9t\u00e9 passionn\u00e9e par les animaux en g\u00e9n\u00e9ral, et j&rsquo;ai toujours souhait\u00e9 exercer une activit\u00e9 professionnelle en lien avec les chiens mais mon orientation professionnelle s&rsquo;est orient\u00e9e vers un autre domaine. C&rsquo;est donc vers la cr\u00e9ation d&rsquo;un \u00e9levage \u00e0 \u00e9chelle familiale que je me suis tourn\u00e9e. Et c&rsquo;est tout naturellement vers l&rsquo;Altdeutsche Sh\u00e4ferhunde que je me suis tourn\u00e9e, suite \u00e0 la d\u00e9couverte de cette race en 2013 et \u00e0 l&rsquo;adoption de <a href=\"https:\/\/lapatteduloup.fr\/index.php\/nerio\/\" title=\"Nerio\">N\u00e9rio <\/a>de La L\u00e9gende du Loup Noir en 2017.<\/p>\n\n\n\n<p>L&rsquo;id\u00e9e d&rsquo;un \u00e9levage m&rsquo;a toujours trott\u00e9 dans la t\u00eate du fait de ma passion pour les chiens\u2026 mais je n&rsquo;\u00e9tais pas arr\u00eat\u00e9 \u00e0 une race particuli\u00e8re.<\/p>\n\n\n\n<p>Quand j&rsquo;\u00e9tais plus jeune, mes parents avaient un Labrador, Rom\u00e9o, une patte ce chien !<\/p>\n\n\n\n<p>J&rsquo;ai d\u00fb attendre mes 18 ans pour avoir mon premier chien, une Berger Allemand nomm\u00e9 Ha\u00efdy. D\u00e8s le d\u00e9but j&rsquo;ai ador\u00e9 m&rsquo;occuper d&rsquo;elle, participer \u00e0 l&rsquo;\u00e9cole du chiot avec elle et lui faire de gros c\u00e2lins dans le lit !<\/p>\n\n\n\n<p>Et c&rsquo;est \u00e0 partir de 2013, que j&rsquo;ai d\u00e9couvert puis que je me suis passionn\u00e9 pour l&rsquo;Altdeutsche Sch\u00e4ferhunde (AS).<\/p>\n\n\n\n<p>Nous avons eu notre premier AS en 2017, <a href=\"https:\/\/lapatteduloup.fr\/index.php\/nerio\/\" title=\"Nerio\">N\u00e9rio <\/a>de La L\u00e9gende du Loup Noir, un m\u00e2le gris argent\u00e9 charbonn\u00e9 qui malgr\u00e9 ses presque 45 kg est un amour toujours en demande de caresses.<\/p>\n\n\n\n<p>Nous avons particip\u00e9 \u00e0 plusieurs R\u00e9gionales d&rsquo;\u00c9levage organis\u00e9s par l&rsquo;<a href=\"http:\/\/www.ucfas.fr\/\" data-type=\"link\" data-id=\"http:\/\/www.ucfas.fr\/\">Union Cynophile Fran\u00e7aise Altdeutsche Sch\u00e4ferhunde (UCFAS)<\/a>, o\u00f9 nous sommes adh\u00e9rents depuis 2019, et ces rencontres avec des passionn\u00e9s de l&rsquo;AS n&rsquo;ont fait que renforcer notre d\u00e9sir de cr\u00e9er notre \u00c9levage.<\/p>\n\n\n\n<p>Puis en 2021, notre d\u00e9volu est tomb\u00e9 sur <a href=\"https:\/\/lapatteduloup.fr\/index.php\/souka\/\" title=\"Souka\">Souka <\/a>de La L\u00e9gende du Loup Noir, une femelle noir et feu qui tient bien de sa m\u00e8re (Ora) avec une belle et forte ossature.<\/p>\n\n\n\n<figure class=\"wp-block-gallery aligncenter has-nested-images columns-default is-cropped wp-block-gallery-1 is-layout-flex wp-block-gallery-is-layout-flex\">\n<figure class=\"wp-block-image aligncenter size-large\"><img loading=\"lazy\" decoding=\"async\" width=\"1024\" height=\"684\" data-id=\"249\" src=\"https:\/\/lapatteduloup.fr\/wp-content\/uploads\/2024\/03\/IMG_2089-1024x684.jpg\" alt=\"\" class=\"wp-image-249\" srcset=\"https:\/\/lapatteduloup.fr\/wp-content\/uploads\/2024\/03\/IMG_2089-1024x684.jpg 1024w, https:\/\/lapatteduloup.fr\/wp-content\/uploads\/2024\/03\/IMG_2089-300x200.jpg 300w, https:\/\/lapatteduloup.fr\/wp-content\/uploads\/2024\/03\/IMG_2089-768x513.jpg 768w, https:\/\/lapatteduloup.fr\/wp-content\/uploads\/2024\/03\/IMG_2089-1536x1025.jpg 1536w, https:\/\/lapatteduloup.fr\/wp-content\/uploads\/2024\/03\/IMG_2089-2048x1367.jpg 2048w\" sizes=\"auto, (max-width: 1024px) 100vw, 1024px\" \/><\/figure>\n\n\n\n<figure class=\"wp-block-image aligncenter size-large\"><img loading=\"lazy\" decoding=\"async\" width=\"1024\" height=\"683\" data-id=\"250\" src=\"https:\/\/lapatteduloup.fr\/wp-content\/uploads\/2024\/03\/IMG_2714-1024x683.jpg\" alt=\"\" class=\"wp-image-250\" srcset=\"https:\/\/lapatteduloup.fr\/wp-content\/uploads\/2024\/03\/IMG_2714-1024x683.jpg 1024w, https:\/\/lapatteduloup.fr\/wp-content\/uploads\/2024\/03\/IMG_2714-300x200.jpg 300w, https:\/\/lapatteduloup.fr\/wp-content\/uploads\/2024\/03\/IMG_2714-768x512.jpg 768w, https:\/\/lapatteduloup.fr\/wp-content\/uploads\/2024\/03\/IMG_2714-1536x1024.jpg 1536w, https:\/\/lapatteduloup.fr\/wp-content\/uploads\/2024\/03\/IMG_2714-2048x1365.jpg 2048w\" sizes=\"auto, (max-width: 1024px) 100vw, 1024px\" \/><\/figure>\n<\/figure>\n\n\n\n<p>Et c&rsquo;est en 2024, apr\u00e8s notre premier enfant, que nous avons d\u00e9cid\u00e9 de lancer notre \u00e9levage \u00ab\u00a0La Patte du Loup\u00a0\u00bb.<\/p>\n\n\n\n<p>Mais pourquoi \u00ab\u00a0La Patte du Loup\u00a0\u00bb ?<br>Parce que notre premier AS, <a href=\"https:\/\/lapatteduloup.fr\/index.php\/nerio\/\" title=\"Nerio\">N\u00e9rio<\/a>, a l&rsquo;habitude de donner la patte pour solliciter des caresses ! Tout simplement !<\/p>\n\n\n\n<div style=\"height:20px\" aria-hidden=\"true\" class=\"wp-block-spacer\"><\/div>\n\n\n\n<h2 class=\"wp-block-heading\">Notre environnement<\/h2>\n\n\n\n<p>Install\u00e9 au c\u0153ur du M\u00e9doc et de ses vignes, \u00e0 la crois\u00e9e des AOC Haut-M\u00e9doc, Margaux et Moulis-en-M\u00e9doc, notre \u00e9levage est situ\u00e9 sur la commune d&rsquo;Arcins (33).<\/p>\n\n\n\n<figure class=\"wp-block-gallery aligncenter has-nested-images columns-2 is-cropped wp-block-gallery-2 is-layout-flex wp-block-gallery-is-layout-flex\">\n<figure class=\"wp-block-image size-full\"><img loading=\"lazy\" decoding=\"async\" width=\"1280\" height=\"960\" data-id=\"152\" src=\"https:\/\/lapatteduloup.fr\/wp-content\/uploads\/2024\/03\/chateau.jpg\" alt=\"\" class=\"wp-image-152\" srcset=\"https:\/\/lapatteduloup.fr\/wp-content\/uploads\/2024\/03\/chateau.jpg 1280w, https:\/\/lapatteduloup.fr\/wp-content\/uploads\/2024\/03\/chateau-300x225.jpg 300w, https:\/\/lapatteduloup.fr\/wp-content\/uploads\/2024\/03\/chateau-1024x768.jpg 1024w, https:\/\/lapatteduloup.fr\/wp-content\/uploads\/2024\/03\/chateau-768x576.jpg 768w\" sizes=\"auto, (max-width: 1280px) 100vw, 1280px\" \/><figcaption class=\"wp-element-caption\">Ch\u00e2teau Margaux, Margaux<\/figcaption><\/figure>\n\n\n\n<figure class=\"wp-block-image size-full\"><img loading=\"lazy\" decoding=\"async\" width=\"2048\" height=\"1360\" data-id=\"153\" src=\"https:\/\/lapatteduloup.fr\/wp-content\/uploads\/2024\/03\/estuaire.jpg\" alt=\"\" class=\"wp-image-153\" srcset=\"https:\/\/lapatteduloup.fr\/wp-content\/uploads\/2024\/03\/estuaire.jpg 2048w, https:\/\/lapatteduloup.fr\/wp-content\/uploads\/2024\/03\/estuaire-300x199.jpg 300w, https:\/\/lapatteduloup.fr\/wp-content\/uploads\/2024\/03\/estuaire-1024x680.jpg 1024w, https:\/\/lapatteduloup.fr\/wp-content\/uploads\/2024\/03\/estuaire-768x510.jpg 768w, https:\/\/lapatteduloup.fr\/wp-content\/uploads\/2024\/03\/estuaire-1536x1020.jpg 1536w\" sizes=\"auto, (max-width: 2048px) 100vw, 2048px\" \/><figcaption class=\"wp-element-caption\">Les carrelets et l&rsquo;estuaire de la Gironde, Jau-Dignac-et-Loirac<\/figcaption><\/figure>\n\n\n\n<figure class=\"wp-block-image size-full\"><img loading=\"lazy\" decoding=\"async\" width=\"2560\" height=\"1844\" data-id=\"154\" src=\"https:\/\/lapatteduloup.fr\/wp-content\/uploads\/2024\/03\/plage.jpg\" alt=\"\" class=\"wp-image-154\" srcset=\"https:\/\/lapatteduloup.fr\/wp-content\/uploads\/2024\/03\/plage.jpg 2560w, https:\/\/lapatteduloup.fr\/wp-content\/uploads\/2024\/03\/plage-300x216.jpg 300w, https:\/\/lapatteduloup.fr\/wp-content\/uploads\/2024\/03\/plage-1024x738.jpg 1024w, https:\/\/lapatteduloup.fr\/wp-content\/uploads\/2024\/03\/plage-768x553.jpg 768w, https:\/\/lapatteduloup.fr\/wp-content\/uploads\/2024\/03\/plage-1536x1106.jpg 1536w, https:\/\/lapatteduloup.fr\/wp-content\/uploads\/2024\/03\/plage-2048x1475.jpg 2048w\" sizes=\"auto, (max-width: 2560px) 100vw, 2560px\" \/><figcaption class=\"wp-element-caption\">Promenade de la Chambrette, Verdon-sur-mer<\/figcaption><\/figure>\n\n\n\n<figure class=\"wp-block-image size-full\"><img loading=\"lazy\" decoding=\"async\" width=\"2560\" height=\"1440\" data-id=\"155\" src=\"https:\/\/lapatteduloup.fr\/wp-content\/uploads\/2024\/03\/vignes-scaled.jpg\" alt=\"\" class=\"wp-image-155\" srcset=\"https:\/\/lapatteduloup.fr\/wp-content\/uploads\/2024\/03\/vignes-scaled.jpg 2560w, https:\/\/lapatteduloup.fr\/wp-content\/uploads\/2024\/03\/vignes-300x169.jpg 300w, https:\/\/lapatteduloup.fr\/wp-content\/uploads\/2024\/03\/vignes-1024x576.jpg 1024w, https:\/\/lapatteduloup.fr\/wp-content\/uploads\/2024\/03\/vignes-768x432.jpg 768w, https:\/\/lapatteduloup.fr\/wp-content\/uploads\/2024\/03\/vignes-1536x864.jpg 1536w, https:\/\/lapatteduloup.fr\/wp-content\/uploads\/2024\/03\/vignes-2048x1152.jpg 2048w\" sizes=\"auto, (max-width: 2560px) 100vw, 2560px\" \/><figcaption class=\"wp-element-caption\">Vignoble du Ch\u00e2teau Margaux, Margaux<\/figcaption><\/figure>\n<\/figure>\n\n\n\n<p>Nos chiens vivent avec nous et notre enfant dans la maison ainsi que dans le jardin (d&rsquo;environ 1500m\u00b2), ils partagent notre quotidien ainsi que nos week-end et vacances. Ils ne sont pas \u00e9lev\u00e9s en box.<\/p>\n\n\n\n<p>De par la vie en maison, les chiots sont habitu\u00e9s aux bruits (aspirateur, pulseur, voiture\u2026). Ils c\u00f4toient \u00e9galement nos poules pondeuses.<\/p>\n\n\n\n<figure class=\"wp-block-gallery has-nested-images columns-default is-cropped wp-block-gallery-3 is-layout-flex wp-block-gallery-is-layout-flex\">\n<figure class=\"wp-block-image size-large\"><img loading=\"lazy\" decoding=\"async\" width=\"1024\" height=\"730\" data-id=\"159\" src=\"https:\/\/lapatteduloup.fr\/wp-content\/uploads\/2024\/03\/IMG_3058-edited-1024x730.jpg\" alt=\"\" class=\"wp-image-159\" srcset=\"https:\/\/lapatteduloup.fr\/wp-content\/uploads\/2024\/03\/IMG_3058-edited-1024x730.jpg 1024w, https:\/\/lapatteduloup.fr\/wp-content\/uploads\/2024\/03\/IMG_3058-edited-300x214.jpg 300w, https:\/\/lapatteduloup.fr\/wp-content\/uploads\/2024\/03\/IMG_3058-edited-768x548.jpg 768w, https:\/\/lapatteduloup.fr\/wp-content\/uploads\/2024\/03\/IMG_3058-edited-1536x1095.jpg 1536w, https:\/\/lapatteduloup.fr\/wp-content\/uploads\/2024\/03\/IMG_3058-edited-2048x1460.jpg 2048w\" sizes=\"auto, (max-width: 1024px) 100vw, 1024px\" \/><\/figure>\n\n\n\n<figure class=\"wp-block-image size-large\"><img loading=\"lazy\" decoding=\"async\" width=\"1024\" height=\"718\" data-id=\"158\" src=\"https:\/\/lapatteduloup.fr\/wp-content\/uploads\/2024\/03\/IMG_3063-1024x718.jpg\" alt=\"\" class=\"wp-image-158\" srcset=\"https:\/\/lapatteduloup.fr\/wp-content\/uploads\/2024\/03\/IMG_3063-1024x718.jpg 1024w, https:\/\/lapatteduloup.fr\/wp-content\/uploads\/2024\/03\/IMG_3063-300x210.jpg 300w, https:\/\/lapatteduloup.fr\/wp-content\/uploads\/2024\/03\/IMG_3063-768x538.jpg 768w, https:\/\/lapatteduloup.fr\/wp-content\/uploads\/2024\/03\/IMG_3063-1536x1077.jpg 1536w, https:\/\/lapatteduloup.fr\/wp-content\/uploads\/2024\/03\/IMG_3063.jpg 2000w\" sizes=\"auto, (max-width: 1024px) 100vw, 1024px\" \/><\/figure>\n<\/figure>\n\n\n\n<p>Nous nous promenons r\u00e9guli\u00e8rement dans les vignes, les for\u00eats, autour des lacs de notre r\u00e9gion ainsi que de temps \u00e0 autre nous faisons des excursions sur les plages de l&rsquo;Oc\u00e9an Atlantique (\u00e0 30 min).<\/p>\n\n\n\n<p>Enfin, nos chiens ont l&rsquo;occasion \u00e9galement de rencontrer des vaches (Highlands) ainsi que des moutons.<\/p>\n\n\n\n<div style=\"height:20px\" aria-hidden=\"true\" class=\"wp-block-spacer\"><\/div>\n\n\n\n<h2 class=\"wp-block-heading\">Nos valeurs<\/h2>\n\n\n\n<p>Notre \u00e9levage est \u00e0 une \u00e9chelle familiale, ce n&rsquo;est pas notre m\u00e9tier mais notre passion. Nous avons pour souhait de :<\/p>\n\n\n\n<ul class=\"wp-block-list\">\n<li style=\"line-height:1.5\"><strong>Promouvoir et garantir l&rsquo;authenticit\u00e9 de la race Altdeutsche Sch\u00e4ferhunde<\/strong>.<br>Pour cela nous adh\u00e9rons et respectons les r\u00e8gles \u00e9tablies par l&rsquo;UCFAS, tous nos reproducteurs sont confirm\u00e9s et poss\u00e8dent un pedigree IHR, consultable sur la page de chacun de nos chiens.<br>Les mariages sont judicieusement \u00e9labor\u00e9s afin de r\u00e9duire au minimum le taux de consanguinit\u00e9.<\/li>\n<\/ul>\n\n\n\n<p><\/p>\n\n\n\n<ul class=\"wp-block-list\">\n<li><strong>S\u00e9lectionner les chiens pr\u00e9sentant les qualit\u00e9s originelles<\/strong> : rusticit\u00e9, \u00e9quilibre mental, courage, vivacit\u00e9, intelligence, pers\u00e9v\u00e9rance, pour donner naissance \u00e0 des chiots pr\u00e9sentant ces m\u00eames qualit\u00e9s.<br>Pour cela tous nos reproducteurs sont identifi\u00e9s g\u00e9n\u00e9tiquement et ont subis les test de sant\u00e9 suivants : Dysplasie coxo-f\u00e9morale (hanches), dysplasie des coudes, Vert\u00e8bres de Transition Lombo-sacr\u00e9es (VTL),\u00a0 My\u00e9lopathie D\u00e9g\u00e9n\u00e9rative (MD \/ DM), Nanisme Hypophysaire (NAH), Sensibilit\u00e9 M\u00e9dicamenteuse MDR1.<br>Les r\u00e9sultats sont consultable sur la page de chacun de nos chiens.<\/li>\n<\/ul>\n\n\n\n<p><\/p>\n\n\n\n<ul class=\"wp-block-list\">\n<li><strong>Assurer le bien-\u00eatre de nos reproducteurs et de nos nouveau-n\u00e9s<\/strong>.<br>Pour cela nous nous assurons qu&rsquo;une femelle n&rsquo;est pas plus de 2 port\u00e9es, pas de port\u00e9e avant 18 mois ni apr\u00e8s 8 ans et qu&rsquo;elle ait un repos entre 2 port\u00e9e de minimum 10 mois.<br>Quant aux m\u00e2les, l\u2019\u00e2ge minimum de reproduction est de 15 mois et l\u2019\u00e2ge maximum correspond \u00e0 l\u2019\u00e9tat g\u00e9n\u00e9ral du chien.<\/li>\n<\/ul>\n\n\n\n<p><\/p>\n\n\n\n<p>L&rsquo;acquisition d&rsquo;un chiot n&rsquo;est pas anodin, ce doit \u00eatre une d\u00e9cision m\u00fbrement r\u00e9fl\u00e9chie, et non pas un caprice d&rsquo;enfant, ou un cadeau surprise que l&rsquo;on fait \u00e0 quelqu&rsquo;un.<br>Un chiot AS de 2 mois ne fera plus du tout la m\u00eame taille et le m\u00eame poids qu&rsquo;un chien adulte de 2 ans, il sera n\u00e9cessaire de lui consacrer du temps et de l&rsquo;espace afin de :<\/p>\n\n\n\n<ul class=\"wp-block-list\">\n<li>R\u00e9pondre \u00e0 ses besoins physiologiques et comportementaux, ainsi qu&rsquo;\u00e0 son bien-\u00eatre,<\/li>\n\n\n\n<li>Continuer sa sociabilisation avec les autres chiens mais aussi les autres animaux et les humains,<\/li>\n\n\n\n<li>L&rsquo;\u00e9duquer et lui apprendre le savoir vivre en soci\u00e9t\u00e9 avec d&rsquo;autres chiens et des humains.<\/li>\n<\/ul>\n\n\n\n<div style=\"height:20px\" aria-hidden=\"true\" class=\"wp-block-spacer\"><\/div>\n\n\n\n<h2 class=\"wp-block-heading\">Formations<\/h2>\n\n\n\n<p><a href=\"https:\/\/lapatteduloup.fr\/wp-content\/uploads\/2024\/03\/Attestation-de-connaissances-elevage-canin_biffe.pdf\" data-type=\"link\" data-id=\"https:\/\/lapatteduloup.fr\/wp-content\/uploads\/2024\/03\/Attestation-de-connaissances-elevage-canin_biffe.pdf\">Attestation de Connaissances pour les Animaux de Compagnie d\u2019Esp\u00e8ces Dome<img decoding=\"async\" class=\"wp-image-162\" style=\"width: NaNpx;\" src=\"https:\/\/lapatteduloup.fr\/wp-content\/uploads\/2024\/03\/Attestation-de-connaissances-elevage-canin_biffe.pdf\" alt=\"\">stiques (ACACED) &#8211; Canin<\/a><\/p>\n\n\n\n<p>Formation Premiers Secours Canin (dans un futur proche)<\/p>\n","protected":false},"excerpt":{"rendered":"<p>Origine [Ma\u00eblys au clavier] J&rsquo;ai toujours \u00e9t\u00e9 passionn\u00e9e par les animaux en g\u00e9n\u00e9ral, et j&rsquo;ai toujours souhait\u00e9 exercer une activit\u00e9 professionnelle en lien avec les chiens mais mon orientation professionnelle s&rsquo;est orient\u00e9e vers un autre domaine. C&rsquo;est donc vers la cr\u00e9ation d&rsquo;un \u00e9levage \u00e0 \u00e9chelle familiale que je me suis tourn\u00e9e. Et c&rsquo;est tout naturellement [&hellip;]<\/p>\n","protected":false},"author":1,"featured_media":0,"parent":0,"menu_order":0,"comment_status":"closed","ping_status":"closed","template":"","meta":{"ngg_post_thumbnail":0,"footnotes":""},"class_list":["post-150","page","type-page","status-publish","hentry"],"aioseo_notices":[],"_links":{"self":[{"href":"https:\/\/lapatteduloup.fr\/index.php\/wp-json\/wp\/v2\/pages\/150","targetHints":{"allow":["GET"]}}],"collection":[{"href":"https:\/\/lapatteduloup.fr\/index.php\/wp-json\/wp\/v2\/pages"}],"about":[{"href":"https:\/\/lapatteduloup.fr\/index.php\/wp-json\/wp\/v2\/types\/page"}],"author":[{"embeddable":true,"href":"https:\/\/lapatteduloup.fr\/index.php\/wp-json\/wp\/v2\/users\/1"}],"replies":[{"embeddable":true,"href":"https:\/\/lapatteduloup.fr\/index.php\/wp-json\/wp\/v2\/comments?post=150"}],"version-history":[{"count":19,"href":"https:\/\/lapatteduloup.fr\/index.php\/wp-json\/wp\/v2\/pages\/150\/revisions"}],"predecessor-version":[{"id":1443,"href":"https:\/\/lapatteduloup.fr\/index.php\/wp-json\/wp\/v2\/pages\/150\/revisions\/1443"}],"wp:attachment":[{"href":"https:\/\/lapatteduloup.fr\/index.php\/wp-json\/wp\/v2\/media?parent=150"}],"curies":[{"name":"wp","href":"https:\/\/api.w.org\/{rel}","templated":true}]}}