{"id":111,"date":"2025-03-06T16:21:27","date_gmt":"2025-03-06T15:21:27","guid":{"rendered":"https:\/\/lapatteduloup.fr\/?page_id=111"},"modified":"2025-06-05T15:23:41","modified_gmt":"2025-06-05T13:23:41","slug":"expositions","status":"publish","type":"page","link":"https:\/\/lapatteduloup.fr\/index.php\/expositions\/","title":{"rendered":"Expositions"},"content":{"rendered":"<ul class=\"wp-block-latest-posts__list has-dates wp-block-latest-posts has-figtree-font-family\"><li><div class=\"wp-block-latest-posts__featured-image alignleft\"><img loading=\"lazy\" decoding=\"async\" width=\"150\" height=\"150\" src=\"https:\/\/lapatteduloup.fr\/wp-content\/uploads\/2023\/03\/1741269841118-150x150.jpg\" class=\"attachment-thumbnail size-thumbnail wp-post-image\" alt=\"\" style=\"max-width:150px;max-height:150px;\" \/><\/div><a class=\"wp-block-latest-posts__post-title\" href=\"https:\/\/lapatteduloup.fr\/index.php\/2023\/03\/05\/mars-2023-regionale-delevage-mouroux\/\">Mars 2023 &#8211; R\u00e9gionale d&rsquo;\u00e9levage Mouroux<\/a><time datetime=\"2023-03-05T20:14:00+01:00\" class=\"wp-block-latest-posts__post-date\">5 mars 2023<\/time><div class=\"wp-block-latest-posts__post-excerpt\">La R\u00e9gionale d&rsquo;\u00c9levage : un rendez-vous incontournable En 2023, les 4 et 5 mars, la ville de Mouroux a accueilli la R\u00e9gionale d\u2019\u00c9levage de l&rsquo;Union Cynophile Fran\u00e7aise d&rsquo;Altdeutscher Sch\u00e4ferhund (UCFAS), un \u00e9v\u00e9nement majeur pour les passionn\u00e9s de la race des\u2026 <a class=\"wp-block-latest-posts__read-more\" href=\"https:\/\/lapatteduloup.fr\/index.php\/2023\/03\/05\/mars-2023-regionale-delevage-mouroux\/\" rel=\"noopener noreferrer\">Lire la suite<span class=\"screen-reader-text\">\u00a0: Mars 2023 &#8211; R\u00e9gionale d&rsquo;\u00e9levage Mouroux<\/span><\/a><\/div><\/li>\n<li><div class=\"wp-block-latest-posts__featured-image alignleft\"><img loading=\"lazy\" decoding=\"async\" width=\"150\" height=\"150\" src=\"https:\/\/lapatteduloup.fr\/wp-content\/uploads\/2025\/03\/IMG_2122-edited-150x150.jpg\" class=\"attachment-thumbnail size-thumbnail wp-post-image\" alt=\"\" style=\"max-width:150px;max-height:150px;\" \/><\/div><a class=\"wp-block-latest-posts__post-title\" href=\"https:\/\/lapatteduloup.fr\/index.php\/2022\/05\/29\/mai-2022-regionale-delevage-saint-germain-laval\/\">Mai 2022 &#8211; R\u00e9gionale d&rsquo;\u00e9levage Saint Germain Laval<\/a><time datetime=\"2022-05-29T20:50:00+02:00\" class=\"wp-block-latest-posts__post-date\">29 mai 2022<\/time><div class=\"wp-block-latest-posts__post-excerpt\">Un magnifique Week-end Les 28 et 29 mai 2022, la commune de Saint-Germain-Laval, situ\u00e9e dans la Loire, a accueilli la tant attendue R\u00e9gionale d&rsquo;\u00c9levage de l&rsquo;Union Cynophile Fran\u00e7aise Altdeutsche Schaferhunde (UCFAS). Cet \u00e9v\u00e9nement a rassembl\u00e9 \u00e9leveurs, propri\u00e9taires et passionn\u00e9s autour\u2026 <a class=\"wp-block-latest-posts__read-more\" href=\"https:\/\/lapatteduloup.fr\/index.php\/2022\/05\/29\/mai-2022-regionale-delevage-saint-germain-laval\/\" rel=\"noopener noreferrer\">Lire la suite<span class=\"screen-reader-text\">\u00a0: Mai 2022 &#8211; R\u00e9gionale d&rsquo;\u00e9levage Saint Germain Laval<\/span><\/a><\/div><\/li>\n<li><div class=\"wp-block-latest-posts__featured-image alignleft\"><img loading=\"lazy\" decoding=\"async\" width=\"150\" height=\"150\" src=\"https:\/\/lapatteduloup.fr\/wp-content\/uploads\/2019\/06\/65319154_2383422481983707_4770375984748691456_o-150x150.jpg\" class=\"attachment-thumbnail size-thumbnail wp-post-image\" alt=\"\" style=\"max-width:150px;max-height:150px;\" \/><\/div><a class=\"wp-block-latest-posts__post-title\" href=\"https:\/\/lapatteduloup.fr\/index.php\/2019\/06\/22\/juin-2019-regionale-delevage-saint-germain-laval\/\">Juin 2019 &#8211; R\u00e9gionale d&rsquo;\u00e9levage Saint Germain Laval<\/a><time datetime=\"2019-06-22T20:38:00+02:00\" class=\"wp-block-latest-posts__post-date\">22 juin 2019<\/time><div class=\"wp-block-latest-posts__post-excerpt\">Un Week-end Inoubliable \u00e0 Saint-Germain-Laval Les 22 et 23 juin 2019, la ville de Saint-Germain-Laval a accueilli la R\u00e9gionale d&rsquo;\u00c9levage organis\u00e9e par l&rsquo;Union Cynophile Fran\u00e7aise d&rsquo;Altdeutscher Sch\u00e4ferhund (UCFAS). Cet \u00e9v\u00e9nement majeur a r\u00e9uni passionn\u00e9s et \u00e9leveurs autour de notre fid\u00e8le\u2026 <a class=\"wp-block-latest-posts__read-more\" href=\"https:\/\/lapatteduloup.fr\/index.php\/2019\/06\/22\/juin-2019-regionale-delevage-saint-germain-laval\/\" rel=\"noopener noreferrer\">Lire la suite<span class=\"screen-reader-text\">\u00a0: Juin 2019 &#8211; R\u00e9gionale d&rsquo;\u00e9levage Saint Germain Laval<\/span><\/a><\/div><\/li>\n<\/ul>","protected":false},"excerpt":{"rendered":"","protected":false},"author":1,"featured_media":0,"parent":0,"menu_order":0,"comment_status":"closed","ping_status":"closed","template":"","meta":{"ngg_post_thumbnail":0,"footnotes":""},"class_list":["post-111","page","type-page","status-publish","hentry"],"aioseo_notices":[],"_links":{"self":[{"href":"https:\/\/lapatteduloup.fr\/index.php\/wp-json\/wp\/v2\/pages\/111","targetHints":{"allow":["GET"]}}],"collection":[{"href":"https:\/\/lapatteduloup.fr\/index.php\/wp-json\/wp\/v2\/pages"}],"about":[{"href":"https:\/\/lapatteduloup.fr\/index.php\/wp-json\/wp\/v2\/types\/page"}],"author":[{"embeddable":true,"href":"https:\/\/lapatteduloup.fr\/index.php\/wp-json\/wp\/v2\/users\/1"}],"replies":[{"embeddable":true,"href":"https:\/\/lapatteduloup.fr\/index.php\/wp-json\/wp\/v2\/comments?post=111"}],"version-history":[{"count":5,"href":"https:\/\/lapatteduloup.fr\/index.php\/wp-json\/wp\/v2\/pages\/111\/revisions"}],"predecessor-version":[{"id":1377,"href":"https:\/\/lapatteduloup.fr\/index.php\/wp-json\/wp\/v2\/pages\/111\/revisions\/1377"}],"wp:attachment":[{"href":"https:\/\/lapatteduloup.fr\/index.php\/wp-json\/wp\/v2\/media?parent=111"}],"curies":[{"name":"wp","href":"https:\/\/api.w.org\/{rel}","templated":true}]}}