{"id":110,"date":"2024-04-03T15:21:43","date_gmt":"2024-04-03T13:21:43","guid":{"rendered":"https:\/\/lapatteduloup.fr\/?page_id=110"},"modified":"2025-06-05T15:23:41","modified_gmt":"2025-06-05T13:23:41","slug":"actualites","status":"publish","type":"page","link":"https:\/\/lapatteduloup.fr\/index.php\/actualites\/","title":{"rendered":"Actualit\u00e9s"},"content":{"rendered":"<ul class=\"wp-block-latest-posts__list has-dates aligncenter wp-block-latest-posts\"><li><div class=\"wp-block-latest-posts__featured-image alignleft\"><img loading=\"lazy\" decoding=\"async\" width=\"150\" height=\"150\" src=\"https:\/\/lapatteduloup.fr\/wp-content\/uploads\/2026\/02\/Sans-titre-150x150.png\" class=\"attachment-thumbnail size-thumbnail wp-post-image\" alt=\"\" style=\"max-width:150px;\" srcset=\"https:\/\/lapatteduloup.fr\/wp-content\/uploads\/2026\/02\/Sans-titre-150x150.png 150w, https:\/\/lapatteduloup.fr\/wp-content\/uploads\/2026\/02\/Sans-titre-300x300.png 300w, https:\/\/lapatteduloup.fr\/wp-content\/uploads\/2026\/02\/Sans-titre.png 660w\" sizes=\"auto, (max-width: 150px) 100vw, 150px\" \/><\/div><a class=\"wp-block-latest-posts__post-title\" href=\"https:\/\/lapatteduloup.fr\/index.php\/2026\/02\/16\/echograpie-souka-northface\/\">Echographie &#8211; Souka &#038; Northface<\/a><time datetime=\"2026-02-16T10:43:11+01:00\" class=\"wp-block-latest-posts__post-date\">16 f\u00e9vrier 2026<\/time><div class=\"wp-block-latest-posts__post-excerpt\">\ud83d\udc95 C&rsquo;est avec beaucoup de peine que nous vous annon\u00e7ons que le mariage entre Souka et Northface n&rsquo;a pas fonctionn\u00e9. Les \u00e9chographies de contr\u00f4le ont montr\u00e9 que Souka est rest\u00e9e vide. Nous allons r\u00e9fl\u00e9chir \u00e0 la suite pour ce mariage\u2026 <a class=\"wp-block-latest-posts__read-more\" href=\"https:\/\/lapatteduloup.fr\/index.php\/2026\/02\/16\/echograpie-souka-northface\/\" rel=\"noopener noreferrer\">Lire la suite<span class=\"screen-reader-text\">\u00a0: Echographie &#8211; Souka &#038; Northface<\/span><\/a><\/div><\/li>\n<li><div class=\"wp-block-latest-posts__featured-image alignleft\"><img loading=\"lazy\" decoding=\"async\" width=\"150\" height=\"150\" src=\"https:\/\/lapatteduloup.fr\/wp-content\/uploads\/2026\/01\/20260101_164825-scaled-e1768075434554-150x150.jpg\" class=\"attachment-thumbnail size-thumbnail wp-post-image\" alt=\"\" style=\"max-width:150px;\" srcset=\"https:\/\/lapatteduloup.fr\/wp-content\/uploads\/2026\/01\/20260101_164825-scaled-e1768075434554-150x150.jpg 150w, https:\/\/lapatteduloup.fr\/wp-content\/uploads\/2026\/01\/20260101_164825-scaled-e1768075434554-300x300.jpg 300w, https:\/\/lapatteduloup.fr\/wp-content\/uploads\/2026\/01\/20260101_164825-scaled-e1768075434554-1021x1024.jpg 1021w, https:\/\/lapatteduloup.fr\/wp-content\/uploads\/2026\/01\/20260101_164825-scaled-e1768075434554-768x770.jpg 768w, https:\/\/lapatteduloup.fr\/wp-content\/uploads\/2026\/01\/20260101_164825-scaled-e1768075434554.jpg 1506w\" sizes=\"auto, (max-width: 150px) 100vw, 150px\" \/><\/div><a class=\"wp-block-latest-posts__post-title\" href=\"https:\/\/lapatteduloup.fr\/index.php\/2026\/01\/10\/saillie-souka-northface\/\">Saillie &#8211; Souka &#038; Northface<\/a><time datetime=\"2026-01-10T20:58:55+01:00\" class=\"wp-block-latest-posts__post-date\">10 janvier 2026<\/time><div class=\"wp-block-latest-posts__post-excerpt\">Pour cette nouvelle ann\u00e9e, nous avons le plaisir de vous annoncer que Souka a rencontr\u00e9 le beau Northface il y a quelques jours. Rendez-vous dans 2 semaines pour savoir si le mariage a fonctionn\u00e9 \u23f3\ufe0f Nous remercions L\u00e6titia &amp; Guillaume\u2026 <a class=\"wp-block-latest-posts__read-more\" href=\"https:\/\/lapatteduloup.fr\/index.php\/2026\/01\/10\/saillie-souka-northface\/\" rel=\"noopener noreferrer\">Lire la suite<span class=\"screen-reader-text\">\u00a0: Saillie &#8211; Souka &#038; Northface<\/span><\/a><\/div><\/li>\n<li><div class=\"wp-block-latest-posts__featured-image alignleft\"><img loading=\"lazy\" decoding=\"async\" width=\"150\" height=\"150\" src=\"https:\/\/lapatteduloup.fr\/wp-content\/uploads\/2025\/09\/20250925_150151-150x150.jpg\" class=\"attachment-thumbnail size-thumbnail wp-post-image\" alt=\"\" style=\"max-width:150px;\" \/><\/div><a class=\"wp-block-latest-posts__post-title\" href=\"https:\/\/lapatteduloup.fr\/index.php\/2025\/09\/26\/seance-dosteopathie\/\">S\u00e9ance d&rsquo;ost\u00e9opathie<\/a><time datetime=\"2025-09-26T17:16:31+02:00\" class=\"wp-block-latest-posts__post-date\">26 septembre 2025<\/time><div class=\"wp-block-latest-posts__post-excerpt\">Aujourd&rsquo;hui, Souka &amp; Nerio ont profit\u00e9 d&rsquo;une s\u00e9ance d&rsquo;ost\u00e9opathie au cabinet de Laurinne BOURGEOIS, qui pratique depuis 2015. \ud83d\ude0a La s\u00e9ance a \u00e9t\u00e9 tr\u00e8s appr\u00e9ci\u00e9 par Souka qui \u00e9tait compl\u00e8tement d\u00e9tendue ! Nerio quant \u00e0 lui est toujours un peu\u2026 <a class=\"wp-block-latest-posts__read-more\" href=\"https:\/\/lapatteduloup.fr\/index.php\/2025\/09\/26\/seance-dosteopathie\/\" rel=\"noopener noreferrer\">Lire la suite<span class=\"screen-reader-text\">\u00a0: S\u00e9ance d&rsquo;ost\u00e9opathie<\/span><\/a><\/div><\/li>\n<li><div class=\"wp-block-latest-posts__featured-image alignleft\"><img loading=\"lazy\" decoding=\"async\" width=\"150\" height=\"150\" src=\"https:\/\/lapatteduloup.fr\/wp-content\/uploads\/2025\/08\/Site-Internet-Mariage-Souka-Northface-1-150x150.png\" class=\"attachment-thumbnail size-thumbnail wp-post-image\" alt=\"\" style=\"max-width:150px;\" \/><\/div><a class=\"wp-block-latest-posts__post-title\" href=\"https:\/\/lapatteduloup.fr\/index.php\/2025\/09\/02\/mariage-2025-souka-northface\/\">Mariage 2025 &#8211; Souka &amp; Northface<\/a><time datetime=\"2025-09-02T21:27:37+02:00\" class=\"wp-block-latest-posts__post-date\">2 septembre 2025<\/time><div class=\"wp-block-latest-posts__post-excerpt\">Souka a rendez-vous avec Northface de La L\u00e9gende du Loup Noir C\u2019est avec une immense joie que nous vous annon\u00e7ons le premier mariage de notre \u00e9levage La Patte du Loup ! Notre belle Souka va bient\u00f4t \u00eatre mari\u00e9e avec le\u2026 <a class=\"wp-block-latest-posts__read-more\" href=\"https:\/\/lapatteduloup.fr\/index.php\/2025\/09\/02\/mariage-2025-souka-northface\/\" rel=\"noopener noreferrer\">Lire la suite<span class=\"screen-reader-text\">\u00a0: Mariage 2025 &#8211; Souka &amp; Northface<\/span><\/a><\/div><\/li>\n<li><div class=\"wp-block-latest-posts__featured-image alignleft\"><img loading=\"lazy\" decoding=\"async\" width=\"150\" height=\"150\" src=\"https:\/\/lapatteduloup.fr\/wp-content\/uploads\/2024\/04\/signal-2022-01-04-12-28-21-013-150x150.jpg\" class=\"attachment-thumbnail size-thumbnail wp-post-image\" alt=\"\" style=\"max-width:150px;\" \/><\/div><a class=\"wp-block-latest-posts__post-title\" href=\"https:\/\/lapatteduloup.fr\/index.php\/2024\/04\/19\/creation-de-lelevage\/\">Cr\u00e9ation de l&rsquo;\u00e9levage !<\/a><time datetime=\"2024-04-19T22:10:40+02:00\" class=\"wp-block-latest-posts__post-date\">19 avril 2024<\/time><div class=\"wp-block-latest-posts__post-excerpt\">\u00c7a y est le grand jour est arriv\u00e9 ! Notre \u00e9levage est lanc\u00e9, il porte l&rsquo;affixe \u00ab\u00a0La Patte du Loup\u00a0\u00bb.<\/div><\/li>\n<li><div class=\"wp-block-latest-posts__featured-image alignleft\"><img loading=\"lazy\" decoding=\"async\" width=\"150\" height=\"150\" src=\"https:\/\/lapatteduloup.fr\/wp-content\/uploads\/2023\/03\/1741269841118-150x150.jpg\" class=\"attachment-thumbnail size-thumbnail wp-post-image\" alt=\"\" style=\"max-width:150px;\" \/><\/div><a class=\"wp-block-latest-posts__post-title\" href=\"https:\/\/lapatteduloup.fr\/index.php\/2023\/03\/05\/mars-2023-regionale-delevage-mouroux\/\">Mars 2023 &#8211; R\u00e9gionale d&rsquo;\u00e9levage Mouroux<\/a><time datetime=\"2023-03-05T20:14:00+01:00\" class=\"wp-block-latest-posts__post-date\">5 mars 2023<\/time><div class=\"wp-block-latest-posts__post-excerpt\">La R\u00e9gionale d&rsquo;\u00c9levage : un rendez-vous incontournable En 2023, les 4 et 5 mars, la ville de Mouroux a accueilli la R\u00e9gionale d\u2019\u00c9levage de l&rsquo;Union Cynophile Fran\u00e7aise d&rsquo;Altdeutscher Sch\u00e4ferhund (UCFAS), un \u00e9v\u00e9nement majeur pour les passionn\u00e9s de la race des\u2026 <a class=\"wp-block-latest-posts__read-more\" href=\"https:\/\/lapatteduloup.fr\/index.php\/2023\/03\/05\/mars-2023-regionale-delevage-mouroux\/\" rel=\"noopener noreferrer\">Lire la suite<span class=\"screen-reader-text\">\u00a0: Mars 2023 &#8211; R\u00e9gionale d&rsquo;\u00e9levage Mouroux<\/span><\/a><\/div><\/li>\n<li><div class=\"wp-block-latest-posts__featured-image alignleft\"><img loading=\"lazy\" decoding=\"async\" width=\"150\" height=\"150\" src=\"https:\/\/lapatteduloup.fr\/wp-content\/uploads\/2025\/03\/IMG_2122-edited-150x150.jpg\" class=\"attachment-thumbnail size-thumbnail wp-post-image\" alt=\"\" style=\"max-width:150px;\" \/><\/div><a class=\"wp-block-latest-posts__post-title\" href=\"https:\/\/lapatteduloup.fr\/index.php\/2022\/05\/29\/mai-2022-regionale-delevage-saint-germain-laval\/\">Mai 2022 &#8211; R\u00e9gionale d&rsquo;\u00e9levage Saint Germain Laval<\/a><time datetime=\"2022-05-29T20:50:00+02:00\" class=\"wp-block-latest-posts__post-date\">29 mai 2022<\/time><div class=\"wp-block-latest-posts__post-excerpt\">Un magnifique Week-end Les 28 et 29 mai 2022, la commune de Saint-Germain-Laval, situ\u00e9e dans la Loire, a accueilli la tant attendue R\u00e9gionale d&rsquo;\u00c9levage de l&rsquo;Union Cynophile Fran\u00e7aise Altdeutsche Schaferhunde (UCFAS). Cet \u00e9v\u00e9nement a rassembl\u00e9 \u00e9leveurs, propri\u00e9taires et passionn\u00e9s autour\u2026 <a class=\"wp-block-latest-posts__read-more\" href=\"https:\/\/lapatteduloup.fr\/index.php\/2022\/05\/29\/mai-2022-regionale-delevage-saint-germain-laval\/\" rel=\"noopener noreferrer\">Lire la suite<span class=\"screen-reader-text\">\u00a0: Mai 2022 &#8211; R\u00e9gionale d&rsquo;\u00e9levage Saint Germain Laval<\/span><\/a><\/div><\/li>\n<li><div class=\"wp-block-latest-posts__featured-image alignleft\"><img loading=\"lazy\" decoding=\"async\" width=\"150\" height=\"150\" src=\"https:\/\/lapatteduloup.fr\/wp-content\/uploads\/2025\/09\/FILE0010-150x150.jpg\" class=\"attachment-thumbnail size-thumbnail wp-post-image\" alt=\"\" style=\"max-width:150px;\" \/><\/div><a class=\"wp-block-latest-posts__post-title\" href=\"https:\/\/lapatteduloup.fr\/index.php\/2020\/06\/20\/canoe-avec-nerio\/\">Cano\u00eb avec N\u00e9rio<\/a><time datetime=\"2020-06-20T15:59:00+02:00\" class=\"wp-block-latest-posts__post-date\">20 juin 2020<\/time><div class=\"wp-block-latest-posts__post-excerpt\">C&rsquo;est un beau jour d&rsquo;\u00e9t\u00e9 2020 que nous avons particip\u00e9 avec des amis \u00e0 une balade en cano\u00eb un peu particuli\u00e8re&#8230; Nerio et Haidy nous ont accompagn\u00e9 lors de ce p\u00e9riple sur le lac d&rsquo;Hourtin. \ud83d\ude0a Sur la photo \u00e0\u2026 <a class=\"wp-block-latest-posts__read-more\" href=\"https:\/\/lapatteduloup.fr\/index.php\/2020\/06\/20\/canoe-avec-nerio\/\" rel=\"noopener noreferrer\">Lire la suite<span class=\"screen-reader-text\">\u00a0: Cano\u00eb avec N\u00e9rio<\/span><\/a><\/div><\/li>\n<li><div class=\"wp-block-latest-posts__featured-image alignleft\"><img loading=\"lazy\" decoding=\"async\" width=\"150\" height=\"150\" src=\"https:\/\/lapatteduloup.fr\/wp-content\/uploads\/2019\/09\/Sans-titre-150x150.png\" class=\"attachment-thumbnail size-thumbnail wp-post-image\" alt=\"\" style=\"max-width:150px;\" \/><\/div><a class=\"wp-block-latest-posts__post-title\" href=\"https:\/\/lapatteduloup.fr\/index.php\/2019\/09\/28\/pistage-avec-nerio\/\">Pistage avec N\u00e9rio<\/a><time datetime=\"2019-09-28T20:29:00+02:00\" class=\"wp-block-latest-posts__post-date\">28 septembre 2019<\/time><div class=\"wp-block-latest-posts__post-excerpt\">R\u00e9cemment, nous avons eu le plaisir de pratiquer le pistage canin avec N\u00e9rio. Cette exp\u00e9rience enrichissante nous a permis de renforcer notre complicit\u00e9 tout en d\u00e9couvrant les subtilit\u00e9s de cette discipline. N\u00e9rio s&rsquo;est vraiment \u00e9panoui comme vous pouvez le voir\u2026 <a class=\"wp-block-latest-posts__read-more\" href=\"https:\/\/lapatteduloup.fr\/index.php\/2019\/09\/28\/pistage-avec-nerio\/\" rel=\"noopener noreferrer\">Lire la suite<span class=\"screen-reader-text\">\u00a0: Pistage avec N\u00e9rio<\/span><\/a><\/div><\/li>\n<li><div class=\"wp-block-latest-posts__featured-image alignleft\"><img loading=\"lazy\" decoding=\"async\" width=\"150\" height=\"150\" src=\"https:\/\/lapatteduloup.fr\/wp-content\/uploads\/2019\/06\/65319154_2383422481983707_4770375984748691456_o-150x150.jpg\" class=\"attachment-thumbnail size-thumbnail wp-post-image\" alt=\"\" style=\"max-width:150px;\" \/><\/div><a class=\"wp-block-latest-posts__post-title\" href=\"https:\/\/lapatteduloup.fr\/index.php\/2019\/06\/22\/juin-2019-regionale-delevage-saint-germain-laval\/\">Juin 2019 &#8211; R\u00e9gionale d&rsquo;\u00e9levage Saint Germain Laval<\/a><time datetime=\"2019-06-22T20:38:00+02:00\" class=\"wp-block-latest-posts__post-date\">22 juin 2019<\/time><div class=\"wp-block-latest-posts__post-excerpt\">Un Week-end Inoubliable \u00e0 Saint-Germain-Laval Les 22 et 23 juin 2019, la ville de Saint-Germain-Laval a accueilli la R\u00e9gionale d&rsquo;\u00c9levage organis\u00e9e par l&rsquo;Union Cynophile Fran\u00e7aise d&rsquo;Altdeutscher Sch\u00e4ferhund (UCFAS). Cet \u00e9v\u00e9nement majeur a r\u00e9uni passionn\u00e9s et \u00e9leveurs autour de notre fid\u00e8le\u2026 <a class=\"wp-block-latest-posts__read-more\" href=\"https:\/\/lapatteduloup.fr\/index.php\/2019\/06\/22\/juin-2019-regionale-delevage-saint-germain-laval\/\" rel=\"noopener noreferrer\">Lire la suite<span class=\"screen-reader-text\">\u00a0: Juin 2019 &#8211; R\u00e9gionale d&rsquo;\u00e9levage Saint Germain Laval<\/span><\/a><\/div><\/li>\n<\/ul>\n\n\n<p><\/p>\n","protected":false},"excerpt":{"rendered":"","protected":false},"author":1,"featured_media":0,"parent":0,"menu_order":0,"comment_status":"closed","ping_status":"closed","template":"","meta":{"ngg_post_thumbnail":0,"footnotes":""},"class_list":["post-110","page","type-page","status-publish","hentry"],"aioseo_notices":[],"_links":{"self":[{"href":"https:\/\/lapatteduloup.fr\/index.php\/wp-json\/wp\/v2\/pages\/110","targetHints":{"allow":["GET"]}}],"collection":[{"href":"https:\/\/lapatteduloup.fr\/index.php\/wp-json\/wp\/v2\/pages"}],"about":[{"href":"https:\/\/lapatteduloup.fr\/index.php\/wp-json\/wp\/v2\/types\/page"}],"author":[{"embeddable":true,"href":"https:\/\/lapatteduloup.fr\/index.php\/wp-json\/wp\/v2\/users\/1"}],"replies":[{"embeddable":true,"href":"https:\/\/lapatteduloup.fr\/index.php\/wp-json\/wp\/v2\/comments?post=110"}],"version-history":[{"count":7,"href":"https:\/\/lapatteduloup.fr\/index.php\/wp-json\/wp\/v2\/pages\/110\/revisions"}],"predecessor-version":[{"id":1302,"href":"https:\/\/lapatteduloup.fr\/index.php\/wp-json\/wp\/v2\/pages\/110\/revisions\/1302"}],"wp:attachment":[{"href":"https:\/\/lapatteduloup.fr\/index.php\/wp-json\/wp\/v2\/media?parent=110"}],"curies":[{"name":"wp","href":"https:\/\/api.w.org\/{rel}","templated":true}]}}