{"id":107,"date":"2024-04-19T22:05:53","date_gmt":"2024-04-19T20:05:53","guid":{"rendered":"https:\/\/lapatteduloup.fr\/?page_id=107"},"modified":"2025-06-05T14:48:47","modified_gmt":"2025-06-05T12:48:47","slug":"souka","status":"publish","type":"page","link":"https:\/\/lapatteduloup.fr\/index.php\/souka\/","title":{"rendered":"Souka"},"content":{"rendered":"\n<h2 class=\"wp-block-heading\">Pr\u00e9sentation<\/h2>\n\n\n\n<figure class=\"wp-block-image aligncenter size-full is-resized wp-duotone-unset-1\"><img loading=\"lazy\" decoding=\"async\" width=\"1150\" height=\"1150\" src=\"https:\/\/lapatteduloup.fr\/wp-content\/uploads\/2024\/06\/IMG_20230825_120518_445.webp\" alt=\"\" class=\"wp-image-614\" style=\"width:357px;height:auto\" srcset=\"https:\/\/lapatteduloup.fr\/wp-content\/uploads\/2024\/06\/IMG_20230825_120518_445.webp 1150w, https:\/\/lapatteduloup.fr\/wp-content\/uploads\/2024\/06\/IMG_20230825_120518_445-300x300.webp 300w, https:\/\/lapatteduloup.fr\/wp-content\/uploads\/2024\/06\/IMG_20230825_120518_445-1024x1024.webp 1024w, https:\/\/lapatteduloup.fr\/wp-content\/uploads\/2024\/06\/IMG_20230825_120518_445-150x150.webp 150w, https:\/\/lapatteduloup.fr\/wp-content\/uploads\/2024\/06\/IMG_20230825_120518_445-768x768.webp 768w\" sizes=\"auto, (max-width: 1150px) 100vw, 1150px\" \/><\/figure>\n\n\n\n<ul class=\"wp-block-list\">\n<li><strong>N\u00e9e le : <\/strong>25\/08\/2021<\/li>\n\n\n\n<li><strong>Couleur : <\/strong>Noir et feu<\/li>\n\n\n\n<li><strong>Taille :<\/strong> 60 cm<\/li>\n\n\n\n<li><strong>Poids : <\/strong>37 kg<\/li>\n\n\n\n<li><strong>Sant\u00e9<\/strong> (cliquer sur les tests pour voir les r\u00e9sultats) <strong>:<\/strong><\/li>\n<\/ul>\n\n\n\n<div class=\"wp-block-columns are-vertically-aligned-center is-layout-flex wp-container-core-columns-is-layout-28f84493 wp-block-columns-is-layout-flex\">\n<div class=\"wp-block-column is-vertically-aligned-center is-layout-flow wp-block-column-is-layout-flow\">\n<p class=\"has-text-align-center has-border-color has-primary-border-color has-heading-color has-text-color has-background has-link-color has-regular-font-size wp-elements-342ccbdee5afff38dcfbfab965ff722a\" style=\"border-width:2px;background-color:#fff2e36e;padding-top:10px;padding-right:10px;padding-bottom:10px;padding-left:10px\"><a href=\"https:\/\/lapatteduloup.fr\/wp-content\/uploads\/2024\/03\/Souka-Depistage-dysplasie-coxo-femorale-HD.pdf\" data-type=\"attachment\" data-id=\"221\"><strong>HD :<\/strong> B\/B<\/a><\/p>\n\n\n\n<p class=\"has-text-align-center has-border-color has-primary-border-color has-heading-color has-text-color has-background has-link-color has-regular-font-size wp-elements-6bc87c9ac6e4443f5917c3b42909c5ee\" style=\"border-width:2px;background-color:#fff2e36e;padding-top:10px;padding-right:10px;padding-bottom:10px;padding-left:10px\"><a href=\"https:\/\/lapatteduloup.fr\/wp-content\/uploads\/2024\/03\/Souka-Myelopathie-Degenerative-Locus.pdf\" data-type=\"attachment\" data-id=\"226\"><strong>MDR1 : <\/strong>N\/N<\/a><\/p>\n<\/div>\n\n\n\n<div class=\"wp-block-column is-vertically-aligned-center is-layout-flow wp-block-column-is-layout-flow\">\n<p class=\"has-text-align-center has-border-color has-primary-border-color has-background has-regular-font-size\" style=\"border-width:2px;background-color:#fff2e36e;padding-top:10px;padding-right:10px;padding-bottom:10px;padding-left:10px\"><a href=\"https:\/\/lapatteduloup.fr\/wp-content\/uploads\/2024\/03\/Souka-Depistage-dysplasie-coude-ED.pdf\" data-type=\"attachment\" data-id=\"222\"><strong>ED : <\/strong>0\/0<\/a><\/p>\n\n\n\n<p class=\"has-text-align-center has-border-color has-primary-border-color has-heading-color has-text-color has-background has-link-color has-regular-font-size wp-elements-660fea3c16446dde0c0700728b7b2103\" style=\"border-width:2px;background-color:#fff2e36e;padding-top:10px;padding-right:10px;padding-bottom:10px;padding-left:10px\"><a href=\"https:\/\/lapatteduloup.fr\/wp-content\/uploads\/2024\/03\/Souka-Myelopathie-Degenerative-Locus.pdf\" data-type=\"attachment\" data-id=\"226\"><strong>NAH : <\/strong>N\/N<\/a><\/p>\n<\/div>\n\n\n\n<div class=\"wp-block-column is-layout-flow wp-block-column-is-layout-flow\">\n<p class=\"has-text-align-center has-border-color has-primary-border-color has-heading-color has-text-color has-background has-link-color has-regular-font-size wp-elements-13020d8f518da8641661447fcafb30a2\" style=\"border-width:2px;background-color:#fff2e36e;padding-top:10px;padding-right:10px;padding-bottom:10px;padding-left:10px\"><a href=\"https:\/\/lapatteduloup.fr\/wp-content\/uploads\/2024\/03\/Souka-Myelopathie-Degenerative-Locus.pdf\" data-type=\"attachment\" data-id=\"226\"><strong>MD :<\/strong> N\/DM<\/a><\/p>\n\n\n\n<p class=\"has-text-align-center has-border-color has-primary-border-color has-heading-color has-text-color has-background has-link-color has-regular-font-size wp-elements-cfdae6dec42ec3a155af8a68c0a7b469\" style=\"border-width:2px;background-color:#fff2e36e;padding-top:10px;padding-right:10px;padding-bottom:10px;padding-left:10px\"><a href=\"https:\/\/lapatteduloup.fr\/wp-content\/uploads\/2024\/04\/Souka-Vertebres-de-Transition-Lombo-sacrees-VTL.pdf\" data-type=\"attachment\" data-id=\"325\"><strong>VTL :<\/strong> 0<\/a><\/p>\n<\/div>\n<\/div>\n\n\n\n<div class=\"wp-block-columns are-vertically-aligned-center is-layout-flex wp-container-core-columns-is-layout-28f84493 wp-block-columns-is-layout-flex\">\n<div class=\"wp-block-column is-vertically-aligned-center is-layout-flow wp-block-column-is-layout-flow\">\n<p class=\"has-text-align-center has-border-color has-heading-color has-text-color has-background has-link-color has-regular-font-size wp-elements-a7e8ad52932ab3c62c953d725362607f\" style=\"border-color:#ff6a00d6;border-width:2px;background-color:#ff6a0052;padding-top:10px;padding-right:10px;padding-bottom:10px;padding-left:10px\"><strong><a href=\"https:\/\/lapatteduloup.fr\/wp-content\/uploads\/2024\/03\/Souka-Pedigree.pdf\" data-type=\"attachment\" data-id=\"232\">Pedigree<\/a><\/strong><\/p>\n<\/div>\n\n\n\n<div class=\"wp-block-column is-layout-flow wp-block-column-is-layout-flow\">\n<p class=\"has-text-align-center has-border-color has-heading-color has-text-color has-background has-link-color has-regular-font-size wp-elements-fdba772996a74d06dd076ed42970a5c1\" style=\"border-color:#ff6a00d6;border-width:2px;background-color:#ff6a0052;padding-top:10px;padding-right:10px;padding-bottom:10px;padding-left:10px\"><a href=\"https:\/\/lapatteduloup.fr\/wp-content\/uploads\/2024\/03\/Souka-Confirmation.pdf\" data-type=\"attachment\" data-id=\"231\"><strong>Confirmation<\/strong><\/a><\/p>\n<\/div>\n\n\n\n<div class=\"wp-block-column is-layout-flow wp-block-column-is-layout-flow\">\n<p class=\"has-text-align-center has-border-color has-primary-border-color has-heading-color has-text-color has-background has-link-color has-regular-font-size wp-elements-b7149f3bd7b6a807734c7faf12a380f3\" style=\"border-width:2px;background-color:#fff2e36e;padding-top:10px;padding-right:10px;padding-bottom:10px;padding-left:10px\"><a href=\"https:\/\/lapatteduloup.fr\/wp-content\/uploads\/2024\/03\/Souka-ADN-Certificat-Genetique.pdf\" data-type=\"attachment\" data-id=\"227\"><strong>ADN<\/strong> (identification g\u00e9n\u00e9tique)<\/a><\/p>\n<\/div>\n<\/div>\n\n\n\n<p><\/p>\n\n\n\n<p>Souka est originaire de La L\u00e9gende du Loup Noir, elle est n\u00e9e du mariage entre <a href=\"http:\/\/as.lalegendeduloupnoir.fr\/ora\"><em>Ora de La L\u00e9gende du Loup Noir<\/em><\/a> et <a href=\"http:\/\/as.lalegendeduloupnoir.fr\/odin-cadoc-wolf-vom-blosenberg\"><em>Cadoc Wolf vom Blosenberg, <\/em>dit<em> Odin<\/em><\/a><em>.<\/em><br>Pour plus de d\u00e9tails sur sa port\u00e9e, vous pouvez consulter le <a href=\"http:\/\/as.lalegendeduloupnoir.fr\/alys-et-halfa-2017\">site internet de La L\u00e9gende du Loup Noir.<\/a><\/p>\n\n\n\n<p>Souka poss\u00e8de un magnifique pelage noir et feu, une belle t\u00eate f\u00e9minine, des oreilles bien d\u00e9velopp\u00e9es et une forte ossature.<\/p>\n\n\n\n<p>De plus, son caract\u00e8re est calme et amical, que ce soit avec ses cong\u00e9n\u00e8res ou les humains.<\/p>\n\n\n\n<div style=\"height:20px\" aria-hidden=\"true\" class=\"wp-block-spacer\"><\/div>\n\n\n\n<h2 class=\"wp-block-heading\">G\u00e9n\u00e9alogie<\/h2>\n\n\n\n<p>Ci-dessous vous trouverez les anc\u00eatres de Souka jusqu&rsquo;\u00e0 ses grands-parents.<\/p>\n\n\n\n<figure data-wp-context=\"{&quot;imageId&quot;:&quot;69fc7b390599b&quot;}\" data-wp-interactive=\"core\/image\" data-wp-key=\"69fc7b390599b\" class=\"wp-block-image aligncenter size-large wp-lightbox-container\"><img loading=\"lazy\" decoding=\"async\" width=\"1024\" height=\"455\" data-wp-class--hide=\"state.isContentHidden\" data-wp-class--show=\"state.isContentVisible\" data-wp-init=\"callbacks.setButtonStyles\" data-wp-on--click=\"actions.showLightbox\" data-wp-on--load=\"callbacks.setButtonStyles\" data-wp-on-window--resize=\"callbacks.setButtonStyles\" src=\"https:\/\/lapatteduloup.fr\/wp-content\/uploads\/2024\/03\/Souka-Genealogie-1024x455.png\" alt=\"\" class=\"wp-image-234\" srcset=\"https:\/\/lapatteduloup.fr\/wp-content\/uploads\/2024\/03\/Souka-Genealogie-1024x455.png 1024w, https:\/\/lapatteduloup.fr\/wp-content\/uploads\/2024\/03\/Souka-Genealogie-300x133.png 300w, https:\/\/lapatteduloup.fr\/wp-content\/uploads\/2024\/03\/Souka-Genealogie-768x342.png 768w, https:\/\/lapatteduloup.fr\/wp-content\/uploads\/2024\/03\/Souka-Genealogie-1536x683.png 1536w, https:\/\/lapatteduloup.fr\/wp-content\/uploads\/2024\/03\/Souka-Genealogie-2048x911.png 2048w\" sizes=\"auto, (max-width: 1024px) 100vw, 1024px\" \/><button\n\t\t\tclass=\"lightbox-trigger\"\n\t\t\ttype=\"button\"\n\t\t\taria-haspopup=\"dialog\"\n\t\t\taria-label=\"Agrandir\"\n\t\t\tdata-wp-init=\"callbacks.initTriggerButton\"\n\t\t\tdata-wp-on--click=\"actions.showLightbox\"\n\t\t\tdata-wp-style--right=\"state.imageButtonRight\"\n\t\t\tdata-wp-style--top=\"state.imageButtonTop\"\n\t\t>\n\t\t\t<svg xmlns=\"http:\/\/www.w3.org\/2000\/svg\" width=\"12\" height=\"12\" fill=\"none\" viewBox=\"0 0 12 12\">\n\t\t\t\t<path fill=\"#fff\" d=\"M2 0a2 2 0 0 0-2 2v2h1.5V2a.5.5 0 0 1 .5-.5h2V0H2Zm2 10.5H2a.5.5 0 0 1-.5-.5V8H0v2a2 2 0 0 0 2 2h2v-1.5ZM8 12v-1.5h2a.5.5 0 0 0 .5-.5V8H12v2a2 2 0 0 1-2 2H8Zm2-12a2 2 0 0 1 2 2v2h-1.5V2a.5.5 0 0 0-.5-.5H8V0h2Z\" \/>\n\t\t\t<\/svg>\n\t\t<\/button><\/figure>\n\n\n\n<div style=\"height:20px\" aria-hidden=\"true\" class=\"wp-block-spacer\"><\/div>\n\n\n\n<h2 class=\"wp-block-heading\">Expositions<\/h2>\n\n\n\n<p>Lors de sa participation aux expositions, Souka a obtenu les distinctions suivantes :<\/p>\n\n\n\n<ul class=\"wp-block-list\">\n<li>R\u00e9gionale d&rsquo;\u00e9levage 2022 \u00e0 Saint Germain Laval \u2192 <strong>Tr\u00e8s Bien<\/strong> (Classe Jeunes)<\/li>\n\n\n\n<li>R\u00e9gionale d&rsquo;\u00e9levage 2023 \u00e0 Mouroux \u2192 <strong>Excellent <\/strong>(Classe Interm\u00e9diaire)<\/li>\n<\/ul>\n\n\n\n<div style=\"height:20px\" aria-hidden=\"true\" class=\"wp-block-spacer\"><\/div>\n\n\n\n<h2 class=\"wp-block-heading\">Galerie<\/h2>\n\n\n\nngg_shortcode_0_placeholder\n","protected":false},"excerpt":{"rendered":"<p>Pr\u00e9sentation HD : B\/B MDR1 : N\/N ED : 0\/0 NAH : N\/N MD : N\/DM VTL : 0 Pedigree Confirmation ADN (identification g\u00e9n\u00e9tique) Souka est originaire de La L\u00e9gende du Loup Noir, elle est n\u00e9e du mariage entre Ora de La L\u00e9gende du Loup Noir et Cadoc Wolf vom Blosenberg, dit Odin.Pour plus de [&hellip;]<\/p>\n","protected":false},"author":1,"featured_media":0,"parent":0,"menu_order":0,"comment_status":"closed","ping_status":"closed","template":"","meta":{"ngg_post_thumbnail":0,"footnotes":""},"class_list":["post-107","page","type-page","status-publish","hentry"],"aioseo_notices":[],"_links":{"self":[{"href":"https:\/\/lapatteduloup.fr\/index.php\/wp-json\/wp\/v2\/pages\/107","targetHints":{"allow":["GET"]}}],"collection":[{"href":"https:\/\/lapatteduloup.fr\/index.php\/wp-json\/wp\/v2\/pages"}],"about":[{"href":"https:\/\/lapatteduloup.fr\/index.php\/wp-json\/wp\/v2\/types\/page"}],"author":[{"embeddable":true,"href":"https:\/\/lapatteduloup.fr\/index.php\/wp-json\/wp\/v2\/users\/1"}],"replies":[{"embeddable":true,"href":"https:\/\/lapatteduloup.fr\/index.php\/wp-json\/wp\/v2\/comments?post=107"}],"version-history":[{"count":17,"href":"https:\/\/lapatteduloup.fr\/index.php\/wp-json\/wp\/v2\/pages\/107\/revisions"}],"predecessor-version":[{"id":1373,"href":"https:\/\/lapatteduloup.fr\/index.php\/wp-json\/wp\/v2\/pages\/107\/revisions\/1373"}],"wp:attachment":[{"href":"https:\/\/lapatteduloup.fr\/index.php\/wp-json\/wp\/v2\/media?parent=107"}],"curies":[{"name":"wp","href":"https:\/\/api.w.org\/{rel}","templated":true}]}}