{"id":106,"date":"2024-04-19T22:05:32","date_gmt":"2024-04-19T20:05:32","guid":{"rendered":"https:\/\/lapatteduloup.fr\/?page_id=106"},"modified":"2025-06-05T14:55:32","modified_gmt":"2025-06-05T12:55:32","slug":"nerio","status":"publish","type":"page","link":"https:\/\/lapatteduloup.fr\/index.php\/nerio\/","title":{"rendered":"Nerio"},"content":{"rendered":"\n<h2 class=\"wp-block-heading\">Pr\u00e9sentation<\/h2>\n\n\n\n<figure class=\"wp-block-image aligncenter size-large is-resized\"><img loading=\"lazy\" decoding=\"async\" width=\"782\" height=\"1024\" src=\"https:\/\/lapatteduloup.fr\/wp-content\/uploads\/2024\/03\/IMG_0446-782x1024.jpg\" alt=\"\" class=\"wp-image-254\" style=\"width:300px\" srcset=\"https:\/\/lapatteduloup.fr\/wp-content\/uploads\/2024\/03\/IMG_0446-782x1024.jpg 782w, https:\/\/lapatteduloup.fr\/wp-content\/uploads\/2024\/03\/IMG_0446-229x300.jpg 229w, https:\/\/lapatteduloup.fr\/wp-content\/uploads\/2024\/03\/IMG_0446-768x1006.jpg 768w, https:\/\/lapatteduloup.fr\/wp-content\/uploads\/2024\/03\/IMG_0446.jpg 1000w\" sizes=\"auto, (max-width: 782px) 100vw, 782px\" \/><\/figure>\n\n\n\n<ul class=\"wp-block-list\">\n<li><strong>N\u00e9 le : <\/strong>24\/10\/2017<\/li>\n\n\n\n<li><strong>Couleur : <\/strong>Gris argent\u00e9 charbonn\u00e9<\/li>\n\n\n\n<li><strong>Taille :<\/strong> 65 cm<\/li>\n\n\n\n<li><strong>Poids : <\/strong>42 kg<\/li>\n\n\n\n<li><strong>Sant\u00e9 <\/strong>(cliquer sur les tests pour voir les r\u00e9sultats)<strong> :<\/strong><\/li>\n<\/ul>\n\n\n\n<div class=\"wp-block-columns are-vertically-aligned-center is-layout-flex wp-container-core-columns-is-layout-28f84493 wp-block-columns-is-layout-flex\">\n<div class=\"wp-block-column is-vertically-aligned-center is-layout-flow wp-block-column-is-layout-flow\">\n<p class=\"has-text-align-center has-border-color has-primary-border-color has-heading-color has-text-color has-background has-link-color has-regular-font-size wp-elements-9c2e21fb9055674eee9198ffbec45837\" style=\"border-width:2px;background-color:#fff2e36e;padding-top:10px;padding-right:10px;padding-bottom:10px;padding-left:10px\"><a href=\"https:\/\/lapatteduloup.fr\/wp-content\/uploads\/2024\/03\/Nerio-Dysplasie-coxo-femorale-HD.pdf\" data-type=\"attachment\" data-id=\"238\"><strong>HD :<\/strong> B\/B<\/a><\/p>\n\n\n\n<p class=\"has-text-align-center has-border-color has-primary-border-color has-heading-color has-text-color has-background has-link-color has-regular-font-size wp-elements-4bad08ec26b08ee1b2069e9a5cadf02c\" style=\"border-width:2px;background-color:#fff2e36e;padding-top:10px;padding-right:10px;padding-bottom:10px;padding-left:10px\"><a href=\"https:\/\/lapatteduloup.fr\/wp-content\/uploads\/2024\/03\/Nerio-MDR1.pdf\" data-type=\"attachment\" data-id=\"241\"><strong>MDR1 : <\/strong>N\/N<\/a><\/p>\n<\/div>\n\n\n\n<div class=\"wp-block-column is-vertically-aligned-center is-layout-flow wp-block-column-is-layout-flow\">\n<p class=\"has-text-align-center has-border-color has-primary-border-color has-background has-regular-font-size\" style=\"border-width:2px;background-color:#fff2e36e;padding-top:10px;padding-right:10px;padding-bottom:10px;padding-left:10px\"><a href=\"https:\/\/lapatteduloup.fr\/wp-content\/uploads\/2024\/03\/Nerio-Dysplasie-coude-ED.pdf\" data-type=\"attachment\" data-id=\"239\"><strong>ED : <\/strong>0\/0<\/a><\/p>\n\n\n\n<p class=\"has-text-align-center has-border-color has-primary-border-color has-heading-color has-text-color has-background has-link-color has-regular-font-size wp-elements-187d26aa7621576e3d05bcb97dde1fdb\" style=\"border-width:2px;background-color:#fff2e36e;padding-top:10px;padding-right:10px;padding-bottom:10px;padding-left:10px\"><a href=\"https:\/\/lapatteduloup.fr\/wp-content\/uploads\/2024\/03\/Nerio-NAH.pdf\" data-type=\"attachment\" data-id=\"242\"><strong>NAH : <\/strong>N\/N<\/a><\/p>\n<\/div>\n\n\n\n<div class=\"wp-block-column is-layout-flow wp-block-column-is-layout-flow\">\n<p class=\"has-text-align-center has-border-color has-primary-border-color has-heading-color has-text-color has-background has-link-color has-regular-font-size wp-elements-7897eb748d860d13f56a50aca3536493\" style=\"border-width:2px;background-color:#fff2e36e;padding-top:10px;padding-right:10px;padding-bottom:10px;padding-left:10px\"><a href=\"https:\/\/lapatteduloup.fr\/wp-content\/uploads\/2024\/03\/Nerio-MD.pdf\" data-type=\"attachment\" data-id=\"240\"><strong>MD :<\/strong> N\/DM<\/a><\/p>\n\n\n\n<p class=\"has-text-align-center has-border-color has-primary-border-color has-heading-color has-text-color has-background has-link-color has-regular-font-size wp-elements-7b4cfc6f40eb2dd8ed9497161dcf2b51\" style=\"border-width:2px;background-color:#fff2e36e;padding-top:10px;padding-right:10px;padding-bottom:10px;padding-left:10px\"><a href=\"https:\/\/lapatteduloup.fr\/wp-content\/uploads\/2024\/03\/Nerio-ADN.pdf\" data-type=\"attachment\" data-id=\"243\"><strong>ADN<\/strong> (identification g\u00e9n\u00e9tique)<\/a><\/p>\n<\/div>\n<\/div>\n\n\n\n<div class=\"wp-block-columns are-vertically-aligned-center is-layout-flex wp-container-core-columns-is-layout-28f84493 wp-block-columns-is-layout-flex\">\n<div class=\"wp-block-column is-vertically-aligned-center is-layout-flow wp-block-column-is-layout-flow\">\n<p class=\"has-text-align-center has-border-color has-heading-color has-text-color has-background has-link-color has-regular-font-size wp-elements-e1340f9eab1210ff781515622f3d80f5\" style=\"border-color:#ff6a00d6;border-width:2px;background-color:#ff6a0052;padding-top:10px;padding-right:10px;padding-bottom:10px;padding-left:10px\"><strong><a href=\"https:\/\/lapatteduloup.fr\/wp-content\/uploads\/2024\/03\/Nerio-Pedigree.pdf\" data-type=\"attachment\" data-id=\"244\">Pedigree<\/a><\/strong><\/p>\n<\/div>\n\n\n\n<div class=\"wp-block-column is-layout-flow wp-block-column-is-layout-flow\">\n<p class=\"has-text-align-center has-border-color has-heading-color has-text-color has-background has-link-color has-regular-font-size wp-elements-c51d326a7bc32d60b560a0b2adcc45dc\" style=\"border-color:#ff6a00d6;border-width:2px;background-color:#ff6a0052;padding-top:10px;padding-right:10px;padding-bottom:10px;padding-left:10px\"><a href=\"https:\/\/lapatteduloup.fr\/wp-content\/uploads\/2024\/03\/Nerio-Confirmation.pdf\" data-type=\"attachment\" data-id=\"245\"><strong>Confirmation<\/strong><\/a><\/p>\n<\/div>\n\n\n\n<div class=\"wp-block-column is-layout-flow wp-block-column-is-layout-flow\"><\/div>\n<\/div>\n\n\n\n<p><\/p>\n\n\n\n<p>N\u00e9rio est originaire de l&rsquo;\u00e9levage La L\u00e9gende du Loup Noir, il est le fruit de l&rsquo;union entre <a href=\"http:\/\/as.lalegendeduloupnoir.fr\/emine-et-aklip-from-zew-wilka\/alys\"><em>Alys de La L\u00e9gende du Loup Noir<\/em><\/a> et <a href=\"http:\/\/as.lalegendeduloupnoir.fr\/halpha-ecco-of-shumani\"><em>Ecco Of Shumani, <\/em>dit<em> Halpha<\/em><\/a><em>.<\/em><br>Pour plus de d\u00e9tails sur sa port\u00e9e, vous pouvez consulter le <a href=\"http:\/\/as.lalegendeduloupnoir.fr\/alys-et-halfa-2017\">site internet de La L\u00e9gende du Loup Noir.<\/a><\/p>\n\n\n\n<p>N\u00e9rio est un m\u00e2le grand et puissant avec une t\u00eate \u00e9l\u00e9gante et un tr\u00e8s bel aplomb. De plus, il poss\u00e8de un bon caract\u00e8re, \u00e9tant plut\u00f4t attentif et \u00e9quilibr\u00e9. En outre, il est tr\u00e8s proche de nous, peut-\u00eatre m\u00eame un peu trop parfois !<\/p>\n\n\n\n<p>Enfin N\u00e9rio est un chien actif, qui aime courir et ses promenades quotidiennes, ainsi que des sessions de jeu dans le jardin !<\/p>\n\n\n\n<div style=\"height:20px\" aria-hidden=\"true\" class=\"wp-block-spacer\"><\/div>\n\n\n\n<h2 class=\"wp-block-heading\">G\u00e9n\u00e9alogie<\/h2>\n\n\n\n<p>Ci-dessous vous trouverez les anc\u00eatres de N\u00e9rio jusqu&rsquo;\u00e0 ses grands-parents.<\/p>\n\n\n\n<figure data-wp-context=\"{&quot;imageId&quot;:&quot;69fc7b38be6ab&quot;}\" data-wp-interactive=\"core\/image\" data-wp-key=\"69fc7b38be6ab\" class=\"wp-block-image aligncenter size-large wp-lightbox-container\"><img loading=\"lazy\" decoding=\"async\" width=\"1024\" height=\"442\" data-wp-class--hide=\"state.isContentHidden\" data-wp-class--show=\"state.isContentVisible\" data-wp-init=\"callbacks.setButtonStyles\" data-wp-on--click=\"actions.showLightbox\" data-wp-on--load=\"callbacks.setButtonStyles\" data-wp-on-window--resize=\"callbacks.setButtonStyles\" src=\"https:\/\/lapatteduloup.fr\/wp-content\/uploads\/2024\/03\/Nerio-Genealogie-1024x442.png\" alt=\"\" class=\"wp-image-247\" srcset=\"https:\/\/lapatteduloup.fr\/wp-content\/uploads\/2024\/03\/Nerio-Genealogie-1024x442.png 1024w, https:\/\/lapatteduloup.fr\/wp-content\/uploads\/2024\/03\/Nerio-Genealogie-300x130.png 300w, https:\/\/lapatteduloup.fr\/wp-content\/uploads\/2024\/03\/Nerio-Genealogie-768x332.png 768w, https:\/\/lapatteduloup.fr\/wp-content\/uploads\/2024\/03\/Nerio-Genealogie-1536x663.png 1536w, https:\/\/lapatteduloup.fr\/wp-content\/uploads\/2024\/03\/Nerio-Genealogie-2048x884.png 2048w\" sizes=\"auto, (max-width: 1024px) 100vw, 1024px\" \/><button\n\t\t\tclass=\"lightbox-trigger\"\n\t\t\ttype=\"button\"\n\t\t\taria-haspopup=\"dialog\"\n\t\t\taria-label=\"Agrandir\"\n\t\t\tdata-wp-init=\"callbacks.initTriggerButton\"\n\t\t\tdata-wp-on--click=\"actions.showLightbox\"\n\t\t\tdata-wp-style--right=\"state.imageButtonRight\"\n\t\t\tdata-wp-style--top=\"state.imageButtonTop\"\n\t\t>\n\t\t\t<svg xmlns=\"http:\/\/www.w3.org\/2000\/svg\" width=\"12\" height=\"12\" fill=\"none\" viewBox=\"0 0 12 12\">\n\t\t\t\t<path fill=\"#fff\" d=\"M2 0a2 2 0 0 0-2 2v2h1.5V2a.5.5 0 0 1 .5-.5h2V0H2Zm2 10.5H2a.5.5 0 0 1-.5-.5V8H0v2a2 2 0 0 0 2 2h2v-1.5ZM8 12v-1.5h2a.5.5 0 0 0 .5-.5V8H12v2a2 2 0 0 1-2 2H8Zm2-12a2 2 0 0 1 2 2v2h-1.5V2a.5.5 0 0 0-.5-.5H8V0h2Z\" \/>\n\t\t\t<\/svg>\n\t\t<\/button><\/figure>\n\n\n\n<div style=\"height:20px\" aria-hidden=\"true\" class=\"wp-block-spacer\"><\/div>\n\n\n\n<h2 class=\"wp-block-heading\">Expositions<\/h2>\n\n\n\n<p>Lors de sa participation aux expositions, N\u00e9rio a obtenu les distinctions suivantes :<\/p>\n\n\n\n<ul class=\"wp-block-list\">\n<li>R\u00e9gionale d&rsquo;\u00e9levage 2019 \u00e0 Saint Germain Laval \u2192 <strong>Excellent <\/strong>(Classe Interm\u00e9diaire)<\/li>\n\n\n\n<li>R\u00e9gionale d&rsquo;\u00e9levage 2022 \u00e0 Saint Germain Laval \u2192 <strong>Bon <\/strong>(Classe Ouverte)<\/li>\n\n\n\n<li>R\u00e9gionale d&rsquo;\u00e9levage 2023 \u00e0 Mouroux \u2192 <strong>Excellent <\/strong>(Classe Ouverte)<\/li>\n<\/ul>\n\n\n\n<div style=\"height:20px\" aria-hidden=\"true\" class=\"wp-block-spacer\"><\/div>\n\n\n\n<h2 class=\"wp-block-heading\">Galerie<\/h2>\n\n\n\nngg_shortcode_0_placeholder\n","protected":false},"excerpt":{"rendered":"<p>Pr\u00e9sentation HD : B\/B MDR1 : N\/N ED : 0\/0 NAH : N\/N MD : N\/DM ADN (identification g\u00e9n\u00e9tique) Pedigree Confirmation N\u00e9rio est originaire de l&rsquo;\u00e9levage La L\u00e9gende du Loup Noir, il est le fruit de l&rsquo;union entre Alys de La L\u00e9gende du Loup Noir et Ecco Of Shumani, dit Halpha.Pour plus de d\u00e9tails sur [&hellip;]<\/p>\n","protected":false},"author":1,"featured_media":0,"parent":0,"menu_order":0,"comment_status":"closed","ping_status":"closed","template":"","meta":{"ngg_post_thumbnail":0,"footnotes":""},"class_list":["post-106","page","type-page","status-publish","hentry"],"aioseo_notices":[],"_links":{"self":[{"href":"https:\/\/lapatteduloup.fr\/index.php\/wp-json\/wp\/v2\/pages\/106","targetHints":{"allow":["GET"]}}],"collection":[{"href":"https:\/\/lapatteduloup.fr\/index.php\/wp-json\/wp\/v2\/pages"}],"about":[{"href":"https:\/\/lapatteduloup.fr\/index.php\/wp-json\/wp\/v2\/types\/page"}],"author":[{"embeddable":true,"href":"https:\/\/lapatteduloup.fr\/index.php\/wp-json\/wp\/v2\/users\/1"}],"replies":[{"embeddable":true,"href":"https:\/\/lapatteduloup.fr\/index.php\/wp-json\/wp\/v2\/comments?post=106"}],"version-history":[{"count":17,"href":"https:\/\/lapatteduloup.fr\/index.php\/wp-json\/wp\/v2\/pages\/106\/revisions"}],"predecessor-version":[{"id":1376,"href":"https:\/\/lapatteduloup.fr\/index.php\/wp-json\/wp\/v2\/pages\/106\/revisions\/1376"}],"wp:attachment":[{"href":"https:\/\/lapatteduloup.fr\/index.php\/wp-json\/wp\/v2\/media?parent=106"}],"curies":[{"name":"wp","href":"https:\/\/api.w.org\/{rel}","templated":true}]}}