{"id":105,"date":"2025-09-01T16:31:41","date_gmt":"2025-09-01T14:31:41","guid":{"rendered":"https:\/\/lapatteduloup.fr\/?page_id=105"},"modified":"2025-09-13T15:02:06","modified_gmt":"2025-09-13T13:02:06","slug":"liens-partenaires","status":"publish","type":"page","link":"https:\/\/lapatteduloup.fr\/index.php\/liens-partenaires\/","title":{"rendered":"Liens \/ Partenaires"},"content":{"rendered":"\n<p>Explorez ici les partenaires de notre \u00e9levage d&rsquo;Altdeutsche Shaferhunde, ainsi que des liens utiles que nous souhaitons vous partager.<\/p>\n\n\n\n<h2 class=\"wp-block-heading has-large-font-size\">\ud83d\udc15 UCFAS<\/h2>\n\n\n\n<p>Notre \u00e9levage est affili\u00e9 \u00e0 l\u2019<a href=\"https:\/\/ucfas.fr\/\" title=\"\">UCFAS <\/a>depuis sa cr\u00e9ation en 2024 (n\u00b0 d\u2019adh\u00e9rent 269), ce qui garantit une \u00e9thique d\u2019\u00e9levage rigoureuse, un respect de la <a href=\"https:\/\/ucfas.fr\/index.php?page=reglementation,elevage\" title=\"\">r\u00e9glementation d\u2019\u00e9levage de l\u2019UCFAS<\/a> et la validation des mariages seulement apr\u00e8s \u00e9tude des pedigrees, des identifications g\u00e9n\u00e9tique, des tests de sant\u00e9 et du taux de consanguinit\u00e9 par l&rsquo;UCFAS. Voir notre <a href=\"https:\/\/lapatteduloup.fr\/index.php\/club-de-race\/\" title=\"Club de race\">article au sujet du Club de Race<\/a>, pour plus d&rsquo;informations.<\/p>\n\n\n\n<figure class=\"wp-block-image aligncenter size-full is-resized\"><img loading=\"lazy\" decoding=\"async\" width=\"512\" height=\"354\" src=\"https:\/\/lapatteduloup.fr\/wp-content\/uploads\/2024\/03\/logo-ucfas.png\" alt=\"\" class=\"wp-image-263\" style=\"width:208px;height:auto\" srcset=\"https:\/\/lapatteduloup.fr\/wp-content\/uploads\/2024\/03\/logo-ucfas.png 512w, https:\/\/lapatteduloup.fr\/wp-content\/uploads\/2024\/03\/logo-ucfas-300x207.png 300w\" sizes=\"auto, (max-width: 512px) 100vw, 512px\" \/><\/figure>\n\n\n\n<div style=\"height:14px\" aria-hidden=\"true\" class=\"wp-block-spacer\"><\/div>\n\n\n\n<h2 class=\"wp-block-heading has-large-font-size\">\ud83c\udf56 BARF ASSO<\/h2>\n\n\n\n<p>Nous sommes membres de l&rsquo;association <a href=\"https:\/\/barf-asso.fr\/\" title=\"BARF ASSO\">BARF ASSO<\/a> depuis 2025 (BARF pour <em>Biologically Appropriate Raw Food<\/em>). <br>Cette association a pour objet :<\/p>\n\n\n\n<ul class=\"wp-block-list\">\n<li>d&rsquo;informer et de sensibiliser les propri\u00e9taires d&rsquo;animaux de compagnie quant \u00e0 l&rsquo;alimentation physiologique de leurs carnivores (chien, chats&#8230;)<\/li>\n\n\n\n<li>de faire analyser des produits carn\u00e9s commercialis\u00e9s, afin d&rsquo;en v\u00e9rifier la composition<\/li>\n\n\n\n<li>de financer des \u00e9tudes comparatives sur l&rsquo;impact des alimentations industrielles et naturelles sur la sant\u00e9 des animaux<\/li>\n\n\n\n<li>de militer afin que des d\u00e9chets de boucherie puissent \u00eatre valoris\u00e9s<\/li>\n<\/ul>\n\n\n\n<figure class=\"wp-block-image aligncenter size-full is-resized\"><a href=\"https:\/\/barf-asso.fr\/\"><img loading=\"lazy\" decoding=\"async\" width=\"851\" height=\"315\" src=\"https:\/\/lapatteduloup.fr\/wp-content\/uploads\/2025\/09\/473806362_1023001586538957_1377579061491434837_n.jpg\" alt=\"\" class=\"wp-image-1463\" style=\"width:443px;height:auto\" srcset=\"https:\/\/lapatteduloup.fr\/wp-content\/uploads\/2025\/09\/473806362_1023001586538957_1377579061491434837_n.jpg 851w, https:\/\/lapatteduloup.fr\/wp-content\/uploads\/2025\/09\/473806362_1023001586538957_1377579061491434837_n-300x111.jpg 300w, https:\/\/lapatteduloup.fr\/wp-content\/uploads\/2025\/09\/473806362_1023001586538957_1377579061491434837_n-768x284.jpg 768w\" sizes=\"auto, (max-width: 851px) 100vw, 851px\" \/><\/a><\/figure>\n","protected":false},"excerpt":{"rendered":"<p>Explorez ici les partenaires de notre \u00e9levage d&rsquo;Altdeutsche Shaferhunde, ainsi que des liens utiles que nous souhaitons vous partager. \ud83d\udc15 UCFAS Notre \u00e9levage est affili\u00e9 \u00e0 l\u2019UCFAS depuis sa cr\u00e9ation en 2024 (n\u00b0 d\u2019adh\u00e9rent 269), ce qui garantit une \u00e9thique d\u2019\u00e9levage rigoureuse, un respect de la r\u00e9glementation d\u2019\u00e9levage de l\u2019UCFAS et la validation des mariages [&hellip;]<\/p>\n","protected":false},"author":1,"featured_media":0,"parent":0,"menu_order":0,"comment_status":"closed","ping_status":"closed","template":"","meta":{"ngg_post_thumbnail":0,"footnotes":""},"class_list":["post-105","page","type-page","status-publish","hentry"],"aioseo_notices":[],"_links":{"self":[{"href":"https:\/\/lapatteduloup.fr\/index.php\/wp-json\/wp\/v2\/pages\/105","targetHints":{"allow":["GET"]}}],"collection":[{"href":"https:\/\/lapatteduloup.fr\/index.php\/wp-json\/wp\/v2\/pages"}],"about":[{"href":"https:\/\/lapatteduloup.fr\/index.php\/wp-json\/wp\/v2\/types\/page"}],"author":[{"embeddable":true,"href":"https:\/\/lapatteduloup.fr\/index.php\/wp-json\/wp\/v2\/users\/1"}],"replies":[{"embeddable":true,"href":"https:\/\/lapatteduloup.fr\/index.php\/wp-json\/wp\/v2\/comments?post=105"}],"version-history":[{"count":6,"href":"https:\/\/lapatteduloup.fr\/index.php\/wp-json\/wp\/v2\/pages\/105\/revisions"}],"predecessor-version":[{"id":1609,"href":"https:\/\/lapatteduloup.fr\/index.php\/wp-json\/wp\/v2\/pages\/105\/revisions\/1609"}],"wp:attachment":[{"href":"https:\/\/lapatteduloup.fr\/index.php\/wp-json\/wp\/v2\/media?parent=105"}],"curies":[{"name":"wp","href":"https:\/\/api.w.org\/{rel}","templated":true}]}}