{"id":104,"date":"2024-03-26T10:56:47","date_gmt":"2024-03-26T09:56:47","guid":{"rendered":"https:\/\/lapatteduloup.fr\/?page_id=104"},"modified":"2025-03-06T16:28:15","modified_gmt":"2025-03-06T15:28:15","slug":"livre-dor","status":"publish","type":"page","link":"https:\/\/lapatteduloup.fr\/index.php\/livre-dor\/","title":{"rendered":"Livre d&rsquo;Or"},"content":{"rendered":"\n<p>Cette page est \u00e0 la disposition des nouveaux propri\u00e9taires d&rsquo;Altdeutsche Sch\u00e4ferhunde de la Patte du Loup, afin qu&rsquo;il puisse faire part de leur exp\u00e9rience concernant notre \u00e9levage, notre <a href=\"https:\/\/lapatteduloup.fr\" title=\"\">site internet<\/a> etc.<\/p>\n\n\n\n<p>N&rsquo;h\u00e9sitez pas \u00e0 prendre quelques instants pour nous laisser un mot !<\/p>\n\n\n\n<figure class=\"wp-block-image aligncenter size-large is-resized\"><img loading=\"lazy\" decoding=\"async\" width=\"2560\" height=\"1920\" src=\"https:\/\/lapatteduloup.fr\/wp-content\/uploads\/2025\/03\/20230726_124049-edited-scaled.jpg\" alt=\"\" class=\"wp-image-1314\" style=\"width:519px;height:auto\" srcset=\"https:\/\/lapatteduloup.fr\/wp-content\/uploads\/2025\/03\/20230726_124049-edited-scaled.jpg 2560w, https:\/\/lapatteduloup.fr\/wp-content\/uploads\/2025\/03\/20230726_124049-edited-300x225.jpg 300w, https:\/\/lapatteduloup.fr\/wp-content\/uploads\/2025\/03\/20230726_124049-edited-1024x768.jpg 1024w, https:\/\/lapatteduloup.fr\/wp-content\/uploads\/2025\/03\/20230726_124049-edited-768x576.jpg 768w, https:\/\/lapatteduloup.fr\/wp-content\/uploads\/2025\/03\/20230726_124049-edited-1536x1152.jpg 1536w, https:\/\/lapatteduloup.fr\/wp-content\/uploads\/2025\/03\/20230726_124049-edited-2048x1536.jpg 2048w\" sizes=\"auto, (max-width: 2560px) 100vw, 2560px\" \/><\/figure>\n\n\n\n<div class=\"wp-block-comments\">\n\n\t<div id=\"respond\" class=\"comment-respond wp-block-post-comments-form\">\n\t\t<h3 id=\"reply-title\" class=\"comment-reply-title\">Laisser un commentaire <small><a rel=\"nofollow\" id=\"cancel-comment-reply-link\" href=\"\/index.php\/wp-json\/wp\/v2\/pages\/104#respond\" style=\"display:none;\">Annuler la r\u00e9ponse<\/a><\/small><\/h3><p class=\"must-log-in\">Vous devez <a href=\"https:\/\/lapatteduloup.fr\/wp-login.php?redirect_to=https%3A%2F%2Flapatteduloup.fr%2Findex.php%2Flivre-dor%2F\">vous connecter<\/a> pour publier un commentaire.<\/p>\t<\/div><!-- #respond -->\n\t<p class=\"akismet_comment_form_privacy_notice\">Ce site utilise Akismet pour r\u00e9duire les ind\u00e9sirables. <a href=\"https:\/\/akismet.com\/privacy\/\" target=\"_blank\" rel=\"nofollow noopener\">En savoir plus sur la fa\u00e7on dont les donn\u00e9es de vos commentaires sont trait\u00e9es<\/a>.<\/p><\/div>\n","protected":false},"excerpt":{"rendered":"<p>Cette page est \u00e0 la disposition des nouveaux propri\u00e9taires d&rsquo;Altdeutsche Sch\u00e4ferhunde de la Patte du Loup, afin qu&rsquo;il puisse faire part de leur exp\u00e9rience concernant notre \u00e9levage, notre site internet etc. N&rsquo;h\u00e9sitez pas \u00e0 prendre quelques instants pour nous laisser un mot !<\/p>\n","protected":false},"author":1,"featured_media":0,"parent":0,"menu_order":0,"comment_status":"open","ping_status":"closed","template":"","meta":{"ngg_post_thumbnail":0,"footnotes":""},"class_list":["post-104","page","type-page","status-publish","hentry"],"aioseo_notices":[],"_links":{"self":[{"href":"https:\/\/lapatteduloup.fr\/index.php\/wp-json\/wp\/v2\/pages\/104","targetHints":{"allow":["GET"]}}],"collection":[{"href":"https:\/\/lapatteduloup.fr\/index.php\/wp-json\/wp\/v2\/pages"}],"about":[{"href":"https:\/\/lapatteduloup.fr\/index.php\/wp-json\/wp\/v2\/types\/page"}],"author":[{"embeddable":true,"href":"https:\/\/lapatteduloup.fr\/index.php\/wp-json\/wp\/v2\/users\/1"}],"replies":[{"embeddable":true,"href":"https:\/\/lapatteduloup.fr\/index.php\/wp-json\/wp\/v2\/comments?post=104"}],"version-history":[{"count":4,"href":"https:\/\/lapatteduloup.fr\/index.php\/wp-json\/wp\/v2\/pages\/104\/revisions"}],"predecessor-version":[{"id":1316,"href":"https:\/\/lapatteduloup.fr\/index.php\/wp-json\/wp\/v2\/pages\/104\/revisions\/1316"}],"wp:attachment":[{"href":"https:\/\/lapatteduloup.fr\/index.php\/wp-json\/wp\/v2\/media?parent=104"}],"curies":[{"name":"wp","href":"https:\/\/api.w.org\/{rel}","templated":true}]}}